{"id":3842,"date":"2024-06-28T09:13:38","date_gmt":"2024-06-28T01:13:38","guid":{"rendered":"https:\/\/maihomedecor.com\/product\/babylon-den-san-son-mai\/"},"modified":"2025-05-23T16:30:34","modified_gmt":"2025-05-23T08:30:34","slug":"babylon-den-san-son-mai","status":"publish","type":"product","link":"https:\/\/maihomedecor.com\/vi\/san-pham\/babylon-den-san-son-mai\/","title":{"rendered":"BABYLON &#8211; \u0110\u00e8n S\u00e0n S\u01a1n M\u00e0i"},"content":{"rendered":"<p><span style=\"color: #000000;\"><strong>M\u00f4 t\u1ea3 s\u1ea3n ph\u1ea9m:<\/strong><\/span><br \/>\n<span style=\"color: #000000;\">&#8211; BABYLON l\u00e0 \u0111\u00e8n s\u00e0n hai c\u1ed9t c\u00f3 m\u1eb7t c\u1eaft h\u00ecnh b\u1ea7u d\u1ee5c, \u0111\u01b0\u1ee3c ho\u00e0n thi\u1ec7n b\u1eb1ng l\u1edbp s\u01a1n m\u00e0i m\u00e0u n\u00e2u s\u1eabm th\u1ee7 c\u00f4ng tr\u00ean th\u00e2n \u0111\u00e8n v\u00e0 v\u1ea3i cotton tr\u1eafng tr\u00ean ch\u1ee5p \u0111\u00e8n. S\u1ea3n ph\u1ea9m k\u1ebft h\u1ee3p thi\u1ebft k\u1ebf \u0111\u01b0\u01a1ng \u0111\u1ea1i b\u00f3ng b\u1ea9y v\u1edbi \u1ea3nh h\u01b0\u1edfng m\u1ea1nh m\u1ebd c\u1ee7a Art Deco: mang \u0111\u1ebfn n\u00e9t phong c\u00e1ch cho ph\u00f2ng kh\u00e1ch, h\u00e0nh lang ho\u1eb7c b\u1ea5t c\u1ee9 n\u01a1i n\u00e0o c\u1ea7n \u0111\u00e8n s\u00e0n m\u1ecfng v\u00e0 tho\u00e1ng kh\u00ed. Thi\u1ebft k\u1ebf n\u00e0y k\u1ebft h\u1ee3p nh\u1eefng \u0111\u01b0\u1eddng cong nh\u1eb9 nh\u00e0ng trong h\u00ecnh b\u00f3ng th\u1eb3ng: h\u00ecnh b\u1ea7u d\u1ee5c v\u00e0 c\u00e1c \u0111\u01b0\u1eddng cong \u0111\u01b0\u1ee3c s\u1eed d\u1ee5ng trong to\u00e0n b\u1ed9 thi\u1ebft k\u1ebf.<\/span><br \/>\n<span style=\"color: #000000;\">&#8211; \u0110\u00e8n s\u00e0n s\u01a1n m\u00e0i BABYLON \u0111\u01b0\u1ee3c l\u00e0m th\u1ee7 c\u00f4ng ho\u00e0n to\u00e0n t\u1ea1i nh\u00e0 m\u00e1y Mai Home Decor Vi\u1ec7t Nam b\u1edfi nh\u1eefng ng\u01b0\u1eddi th\u1ee3 s\u01a1n m\u00e0i l\u00e0nh ngh\u1ec1 b\u1eb1ng c\u00e1c c\u00f4ng c\u1ee5 v\u00e0 k\u1ef9 thu\u1eadt \u0111\u01b0\u1ee3c truy\u1ec1n l\u1ea1i v\u00e0 tinh ch\u1ec9nh t\u1eeb th\u1ebf h\u1ec7 n\u00e0y sang th\u1ebf h\u1ec7 kh\u00e1c.<\/span><\/p>\n<p>&nbsp;<\/p>\n<p><span style=\"color: #000000;\"><strong>Th\u00f4ng s\u1ed1 k\u1ef9 thu\u1eadt:<\/strong><\/span><br \/>\n<span style=\"color: #000000;\">&#8211; V\u1eadt li\u1ec7u: G\u1ed7 c\u00f4ng nghi\u1ec7p MDF, S\u01a1n m\u00e0i, V\u1ea3i cotton ph\u1ee7 PVC<\/span><br \/>\n<span style=\"color: #000000;\">&#8211; K\u00edch th\u01b0\u1edbc (W x D x H) : 425 x 260 x 1500 mm<\/span><br \/>\n<span style=\"color: #000000;\">&#8211; Kh\u00f4ng cung c\u1ea5p b\u00f3ng \u0111\u00e8n<\/span><br \/>\n<span style=\"color: #000000;\">&#8211; K\u1ebft c\u1ea5u \u0111i\u1ec7n, linh ki\u1ec7n \u0111i\u1ec7n v\u00e0 l\u1eafp r\u00e1p \u0111\u01b0\u1ee3c ch\u1ee9ng nh\u1eadn CE.<\/span><\/p>\n<div><span style=\"color: #000000;\"><strong>T\u01b0 v\u1ea5n v\u00e0 gi\u00e1 c\u1ea3:<br \/>\n<\/strong>&#8211; Ch\u00fang t\u00f4i kh\u00f4ng c\u00f3 s\u1eb5n s\u1ea3n ph\u1ea9m n\u00e0y nh\u01b0ng c\u00f3 th\u1ec3 s\u1ea3n xu\u1ea5t theo \u0111\u01a1n \u0111\u1eb7t h\u00e0ng. Gi\u00e1 tr\u00ean ch\u01b0a bao g\u1ed3m chi ph\u00ed v\u1eadn chuy\u1ec3n v\u00e0 \u00e1p d\u1ee5ng cho s\u1ea3n xu\u1ea5t theo \u0111\u01a1n \u0111\u1eb7t h\u00e0ng s\u1ed1 l\u01b0\u1ee3ng 1 s\u1ea3n ph\u1ea9m.<\/span><br \/>\n<span style=\"color: #000000;\">&#8211; Vui l\u00f2ng t\u00ecm hi\u1ec3u v\u1ec1 c\u00e1c l\u1ef1a ch\u1ecdn c\u1ee7a ch\u00fang t\u00f4i \u0111\u1ec3 s\u1ea3n xu\u1ea5t theo \u0111\u01a1n \u0111\u1eb7t h\u00e0ng v\u00e0 t\u00f9y ch\u1ec9nh l\u1edbp ho\u00e0n thi\u1ec7n: ch\u00fang t\u00f4i s\u1ebd tr\u1ea3 l\u1eddi s\u1edbm.<\/span><br \/>\n<span style=\"color: #000000;\">&#8211; \u0110\u01b0\u1ee3c b\u00e1n b\u1edfi Mai Home D\u00e9cor Pte. Ltd. t\u1ea1i Singapore v\u00e0 \u0111\u01b0\u1ee3c v\u1eadn chuy\u1ec3n t\u1eeb nh\u00e0 m\u00e1y s\u01a1n m\u00e0i c\u1ee7a ch\u00fang t\u00f4i t\u1ea1i Vi\u1ec7t Nam.<\/span><\/div>\n<p>&nbsp;<\/p>\n","protected":false},"excerpt":{"rendered":"<p>M\u00f4 t\u1ea3 s\u1ea3n ph\u1ea9m: &#8211; BABYLON l\u00e0 \u0111\u00e8n s\u00e0n hai c\u1ed9t c\u00f3 m\u1eb7t c\u1eaft h\u00ecnh b\u1ea7u d\u1ee5c, \u0111\u01b0\u1ee3c ho\u00e0n thi\u1ec7n b\u1eb1ng l\u1edbp s\u01a1n m\u00e0i m\u00e0u n\u00e2u s\u1eabm th\u1ee7 c\u00f4ng tr\u00ean th\u00e2n \u0111\u00e8n v\u00e0 v\u1ea3i cotton tr\u1eafng tr\u00ean ch\u1ee5p \u0111\u00e8n. S\u1ea3n ph\u1ea9m k\u1ebft h\u1ee3p thi\u1ebft k\u1ebf \u0111\u01b0\u01a1ng \u0111\u1ea1i b\u00f3ng b\u1ea9y v\u1edbi \u1ea3nh h\u01b0\u1edfng m\u1ea1nh m\u1ebd c\u1ee7a&#8230;<\/p>\n","protected":false},"featured_media":4821,"comment_status":"closed","ping_status":"closed","template":"","meta":[],"product_cat":[270,272],"product_tag":[408,344],"acf":[],"_links":{"self":[{"href":"https:\/\/maihomedecor.com\/vi\/wp-json\/wp\/v2\/product\/3842"}],"collection":[{"href":"https:\/\/maihomedecor.com\/vi\/wp-json\/wp\/v2\/product"}],"about":[{"href":"https:\/\/maihomedecor.com\/vi\/wp-json\/wp\/v2\/types\/product"}],"replies":[{"embeddable":true,"href":"https:\/\/maihomedecor.com\/vi\/wp-json\/wp\/v2\/comments?post=3842"}],"wp:featuredmedia":[{"embeddable":true,"href":"https:\/\/maihomedecor.com\/vi\/wp-json\/wp\/v2\/media\/4821"}],"wp:attachment":[{"href":"https:\/\/maihomedecor.com\/vi\/wp-json\/wp\/v2\/media?parent=3842"}],"wp:term":[{"taxonomy":"product_cat","embeddable":true,"href":"https:\/\/maihomedecor.com\/vi\/wp-json\/wp\/v2\/product_cat?post=3842"},{"taxonomy":"product_tag","embeddable":true,"href":"https:\/\/maihomedecor.com\/vi\/wp-json\/wp\/v2\/product_tag?post=3842"}],"curies":[{"name":"wp","href":"https:\/\/api.w.org\/{rel}","templated":true}]}}