{"id":3847,"date":"2024-05-15T03:14:51","date_gmt":"2024-05-14T19:14:51","guid":{"rendered":"https:\/\/maihomedecor.com\/product\/gaby-tu-quay-bar-son-mau\/"},"modified":"2024-10-10T10:19:25","modified_gmt":"2024-10-10T02:19:25","slug":"gaby-tu-quay-bar-son-mai","status":"publish","type":"product","link":"https:\/\/maihomedecor.com\/vi\/san-pham\/gaby-tu-quay-bar-son-mai\/","title":{"rendered":"GABY &#8211; T\u1ee7 Qu\u1ea7y Bar S\u01a1n M\u00e0i"},"content":{"rendered":"<div><strong>M\u00f4 t\u1ea3 s\u1ea3n ph\u1ea9m:<\/strong><\/div>\n<div>&#8211; GABY \u0111\u01b0\u1ee3c t\u1ea1o ra \u0111\u1ec3 g\u00e2y \u1ea5n t\u01b0\u1ee3ng! 3 m\u00e0u s\u1eafc v\u00e0 h\u1ecda ti\u1ebft h\u1ea5p d\u1eabn \u0111\u01b0\u1ee3c s\u1eed d\u1ee5ng \u0111\u1ec3 t\u1ea1o n\u00ean t\u1ee7 qu\u1ea7y bar s\u01a1n m\u00e0i GABY phong c\u00e1ch: s\u01a1n m\u00e0i n\u00e2u v\u00e0 v\u00e0ng \u0111\u1eb9p m\u1eaft v\u1edbi h\u1ecda ti\u1ebft da r\u1eafn n\u1ed5i b\u1eadt c\u1ee7a Mai Home, da tr\u0103n gi\u1ea3 m\u00e0u v\u00e0ng v\u00e0 n\u00e2u v\u00e0 s\u01a1n m\u00e0i n\u00e2u s\u1eabm. Tay c\u1ea7m b\u1eb1ng \u0111\u1ed3ng thau \u0111\u01b0\u1ee3c l\u00e0m ri\u00eang t\u1ea1o th\u00e0nh m\u1ed9t h\u00e0ng &#8220;th\u1ecfi v\u00e0ng&#8221; th\u1eb3ng \u0111\u1ee9ng l\u00e0m t\u0103ng th\u00eam v\u1ebb \u0111\u1eb9p v\u00e0 s\u1ee9c h\u1ea5p d\u1eabn \u0111\u1ed9c \u0111\u00e1o c\u1ee7a n\u00f3.<\/div>\n<div>&#8211; Thi\u1ebft k\u1ebf ch\u1ee9c n\u0103ng \u0111\u00e1ng ng\u1ea1c nhi\u00ean c\u1ee7a n\u00f3 \u0111\u1ebfn t\u1eeb khay s\u01a1n m\u00e0i c\u00f3 th\u1ec3 th\u00e1o r\u1eddi \u0111\u00f3ng vai tr\u00f2 l\u00e0 m\u1eb7t t\u1ee7: khi khay \u0111\u01b0\u1ee3c th\u00e1o ra, ph\u1ea7n tr\u00ean m\u1edf ra s\u1ebd \u0111\u1ec3 l\u1ed9 c\u00e1c ng\u0103n l\u01b0u tr\u1eef chai v\u00e0 ly c\u1ee7a GABY. C\u00e1c ng\u0103n k\u00e9o b\u00ean d\u01b0\u1edbi cung c\u1ea5p th\u00eam kh\u00f4ng gian \u0111\u1ec3 \u0111\u1ef1ng ph\u1ee5 ki\u1ec7n qu\u1ea7y bar v\u00e0 dao k\u00e9o.<br \/>\n&#8211; S\u1ea3n ph\u1ea9m \u0111\u01b0\u1ee3c l\u00e0m th\u1ee7 c\u00f4ng ho\u00e0n to\u00e0n t\u1ea1i nh\u00e0 m\u00e1y Mai Home Decor Vi\u1ec7t Nam b\u1edfi nh\u1eefng ng\u01b0\u1eddi th\u1ee3 s\u01a1n m\u00e0i l\u00e0nh ngh\u1ec1, s\u1eed d\u1ee5ng c\u00e1c c\u00f4ng c\u1ee5 v\u00e0 k\u1ef9 thu\u1eadt \u0111\u01b0\u1ee3c truy\u1ec1n l\u1ea1i v\u00e0 tinh ch\u1ec9nh t\u1eeb th\u1ebf h\u1ec7 n\u00e0y sang th\u1ebf h\u1ec7 kh\u00e1c.<\/div>\n<h1><\/h1>\n<div><strong>Th\u00f4ng s\u1ed1 k\u1ef9 thu\u1eadt:<\/strong><\/div>\n<div>&#8211; V\u1eadt li\u1ec7u: G\u1ed7 c\u00f4ng nghi\u1ec7p MDF\/HDF, Da tr\u0103n gi\u1ea3, \u0110\u1ed3ng thau, S\u01a1n m\u00e0i, Nhung<\/div>\n<div>&#8211; K\u00edch th\u01b0\u1edbc (W x D x H): 560 x 420 x 780 mm<\/div>\n<h1><\/h1>\n<div><strong>T\u01b0 v\u1ea5n v\u00e0 gi\u00e1 c\u1ea3:<\/strong><\/div>\n<div>&#8211; S\u1ea3n ph\u1ea9m n\u00e0y ch\u00fang t\u00f4i kh\u00f4ng c\u00f3 s\u1eb5n nh\u01b0ng c\u00f3 th\u1ec3 s\u1ea3n xu\u1ea5t theo \u0111\u01a1n \u0111\u1eb7t h\u00e0ng. Gi\u00e1 tr\u00ean ch\u01b0a bao g\u1ed3m chi ph\u00ed v\u1eadn chuy\u1ec3n v\u00e0 \u00e1p d\u1ee5ng cho s\u1ea3n xu\u1ea5t theo \u0111\u01a1n \u0111\u1eb7t h\u00e0ng s\u1ed1 l\u01b0\u1ee3ng 1 s\u1ea3n ph\u1ea9m.<br \/>\n&#8211; Vui l\u00f2ng t\u00ecm hi\u1ec3u v\u1ec1 c\u00e1c l\u1ef1a ch\u1ecdn c\u1ee7a ch\u00fang t\u00f4i \u0111\u1ec3 s\u1ea3n xu\u1ea5t theo \u0111\u01a1n \u0111\u1eb7t h\u00e0ng v\u00e0 t\u00f9y ch\u1ec9nh l\u1edbp ho\u00e0n thi\u1ec7n: ch\u00fang t\u00f4i s\u1ebd tr\u1ea3 l\u1eddi s\u1edbm.<br \/>\n&#8211; \u0110\u01b0\u1ee3c b\u00e1n b\u1edfi Mai Home D\u00e9cor Pte. Ltd. t\u1ea1i Singapore v\u00e0 \u0111\u01b0\u1ee3c v\u1eadn chuy\u1ec3n t\u1eeb nh\u00e0 m\u00e1y s\u01a1n m\u00e0i c\u1ee7a ch\u00fang t\u00f4i t\u1ea1i Vi\u1ec7t Nam.<\/div>\n<p>&nbsp;<\/p>\n<p>&nbsp;<\/p>\n","protected":false},"excerpt":{"rendered":"<p>M\u00f4 t\u1ea3 s\u1ea3n ph\u1ea9m: &#8211; GABY \u0111\u01b0\u1ee3c t\u1ea1o ra \u0111\u1ec3 g\u00e2y \u1ea5n t\u01b0\u1ee3ng! 3 m\u00e0u s\u1eafc v\u00e0 h\u1ecda ti\u1ebft h\u1ea5p d\u1eabn \u0111\u01b0\u1ee3c s\u1eed d\u1ee5ng \u0111\u1ec3 t\u1ea1o n\u00ean t\u1ee7 qu\u1ea7y bar s\u01a1n m\u00e0i GABY phong c\u00e1ch: s\u01a1n m\u00e0i n\u00e2u v\u00e0 v\u00e0ng \u0111\u1eb9p m\u1eaft v\u1edbi h\u1ecda ti\u1ebft da r\u1eafn n\u1ed5i b\u1eadt c\u1ee7a Mai Home, da tr\u0103n gi\u1ea3&#8230;<\/p>\n","protected":false},"featured_media":2376,"comment_status":"open","ping_status":"closed","template":"","meta":[],"product_cat":[259,260],"product_tag":[279,310,451],"acf":[],"_links":{"self":[{"href":"https:\/\/maihomedecor.com\/vi\/wp-json\/wp\/v2\/product\/3847"}],"collection":[{"href":"https:\/\/maihomedecor.com\/vi\/wp-json\/wp\/v2\/product"}],"about":[{"href":"https:\/\/maihomedecor.com\/vi\/wp-json\/wp\/v2\/types\/product"}],"replies":[{"embeddable":true,"href":"https:\/\/maihomedecor.com\/vi\/wp-json\/wp\/v2\/comments?post=3847"}],"wp:featuredmedia":[{"embeddable":true,"href":"https:\/\/maihomedecor.com\/vi\/wp-json\/wp\/v2\/media\/2376"}],"wp:attachment":[{"href":"https:\/\/maihomedecor.com\/vi\/wp-json\/wp\/v2\/media?parent=3847"}],"wp:term":[{"taxonomy":"product_cat","embeddable":true,"href":"https:\/\/maihomedecor.com\/vi\/wp-json\/wp\/v2\/product_cat?post=3847"},{"taxonomy":"product_tag","embeddable":true,"href":"https:\/\/maihomedecor.com\/vi\/wp-json\/wp\/v2\/product_tag?post=3847"}],"curies":[{"name":"wp","href":"https:\/\/api.w.org\/{rel}","templated":true}]}}