{"id":3849,"date":"2024-05-15T03:19:50","date_gmt":"2024-05-14T19:19:50","guid":{"rendered":"https:\/\/maihomedecor.com\/product\/imperia-tu-quay-bar-son-mai\/"},"modified":"2024-10-10T10:17:12","modified_gmt":"2024-10-10T02:17:12","slug":"imperia-tu-quay-bar-son-mai","status":"publish","type":"product","link":"https:\/\/maihomedecor.com\/vi\/san-pham\/imperia-tu-quay-bar-son-mai\/","title":{"rendered":"IMPERIA &#8211; T\u1ee7 Qu\u1ea7y Bar S\u01a1n M\u00e0i"},"content":{"rendered":"<div><strong>M\u00f4 t\u1ea3 s\u1ea3n ph\u1ea9m:<\/strong><\/div>\n<div>&#8211; IMPERIA \u0111\u01b0\u1ee3c thi\u1ebft k\u1ebf \u0111\u1ec3 g\u00e2y \u1ea5n t\u01b0\u1ee3ng v\u00e0 mang \u0111\u1ebfn n\u00e9t tinh t\u1ebf cho ph\u00f2ng kh\u00e1ch, ph\u00f2ng \u0103n ho\u1eb7c khu v\u1ef1c qu\u1ea7y bar t\u1ea1i nh\u00e0. T\u1ee7 qu\u1ea7y bar s\u01a1n m\u00e0i tuy\u1ec7t \u0111\u1eb9p n\u00e0y \u0111\u01b0\u1ee3c t\u1ea1o ra b\u1eb1ng s\u01a1n m\u00e0i N\u00e2u s\u1eabm v\u00e0 s\u01a1n m\u00e0i l\u00e1 b\u1ea1c Champagne m\u1edd.<\/div>\n<div>&#8211; Tay n\u1eafm b\u1eb1ng \u0111\u1ed3ng thau \u0111\u01b0\u1ee3c thi\u1ebft k\u1ebf ri\u00eang, th\u1eddi trang l\u00e0m t\u0103ng th\u00eam v\u1ebb thanh l\u1ecbch cho nh\u1eefng c\u00e1nh c\u1eeda c\u00f3 r\u00e3nh v\u1edbi l\u1edbp s\u01a1n m\u00e0u champagne.<\/div>\n<div>&#8211; \u0110\u1eb1ng sau 2 c\u00e1nh c\u1eeda, IMPERIA \u0111\u1ec3 l\u1ed9 2 ng\u0103n k\u00e9o l\u00f3t nhung \u0111en v\u00e0 4 ng\u0103n \u0111\u1ec3 \u0111\u1ef1ng chai, ly v\u00e0 ph\u1ee5 ki\u1ec7n qu\u1ea7y bar. M\u1eb7t sau c\u1ee7a m\u1ed7i ng\u0103n \u0111\u01b0\u1ee3c ph\u1ee7 k\u00edn b\u1eb1ng m\u1ed9t t\u1ea5m g\u01b0\u01a1ng l\u1edbn.<br \/>\n&#8211; IMPERIA \u0111\u01b0\u1ee3c l\u00e0m th\u1ee7 c\u00f4ng ho\u00e0n to\u00e0n t\u1ea1i nh\u00e0 m\u00e1y Mai Home Decor Vi\u1ec7t Nam b\u1edfi nh\u1eefng ng\u01b0\u1eddi th\u1ee3 s\u01a1n m\u00e0i l\u00e0nh ngh\u1ec1, s\u1eed d\u1ee5ng c\u00e1c c\u00f4ng c\u1ee5 v\u00e0 k\u1ef9 thu\u1eadt \u0111\u01b0\u1ee3c truy\u1ec1n l\u1ea1i v\u00e0 tinh ch\u1ec9nh t\u1eeb th\u1ebf h\u1ec7 n\u00e0y sang th\u1ebf h\u1ec7 kh\u00e1c.<\/div>\n<h1><\/h1>\n<div><strong>Th\u00f4ng s\u1ed1 k\u1ef9 thu\u1eadt:<\/strong><\/div>\n<div>&#8211; V\u1eadt li\u1ec7u: G\u1ed7 c\u00f4ng nghi\u1ec7p MDF\/HDF, G\u1ed7 nguy\u00ean kh\u1ed1i, \u0110\u1ed3ng thau, L\u00e1 b\u1ea1c, S\u01a1n m\u00e0i, G\u01b0\u01a1ng<\/div>\n<div>&#8211; K\u00edch th\u01b0\u1edbc (W x D x H): 900 x 450 x 1500 mm<\/div>\n<h1><\/h1>\n<div><strong>T\u01b0 v\u1ea5n v\u00e0 gi\u00e1 c\u1ea3:<\/strong><\/div>\n<div>&#8211; S\u1ea3n ph\u1ea9m n\u00e0y ch\u00fang t\u00f4i kh\u00f4ng c\u00f3 s\u1eb5n nh\u01b0ng c\u00f3 th\u1ec3 s\u1ea3n xu\u1ea5t theo \u0111\u01a1n \u0111\u1eb7t h\u00e0ng. Gi\u00e1 tr\u00ean ch\u01b0a bao g\u1ed3m chi ph\u00ed v\u1eadn chuy\u1ec3n v\u00e0 \u00e1p d\u1ee5ng cho s\u1ea3n xu\u1ea5t theo \u0111\u01a1n \u0111\u1eb7t h\u00e0ng s\u1ed1 l\u01b0\u1ee3ng 1 s\u1ea3n ph\u1ea9m.<br \/>\n&#8211; Vui l\u00f2ng t\u00ecm hi\u1ec3u v\u1ec1 c\u00e1c l\u1ef1a ch\u1ecdn c\u1ee7a ch\u00fang t\u00f4i \u0111\u1ec3 s\u1ea3n xu\u1ea5t theo \u0111\u01a1n \u0111\u1eb7t h\u00e0ng v\u00e0 t\u00f9y ch\u1ec9nh l\u1edbp ho\u00e0n thi\u1ec7n: ch\u00fang t\u00f4i s\u1ebd tr\u1ea3 l\u1eddi s\u1edbm.<br \/>\n&#8211; \u0110\u01b0\u1ee3c b\u00e1n b\u1edfi Mai Home D\u00e9cor Pte. Ltd. t\u1ea1i Singapore v\u00e0 \u0111\u01b0\u1ee3c v\u1eadn chuy\u1ec3n t\u1eeb nh\u00e0 m\u00e1y s\u01a1n m\u00e0i c\u1ee7a ch\u00fang t\u00f4i t\u1ea1i Vi\u1ec7t Nam.<\/div>\n<p>&nbsp;<\/p>\n<p>&nbsp;<\/p>\n","protected":false},"excerpt":{"rendered":"<p>M\u00f4 t\u1ea3 s\u1ea3n ph\u1ea9m: &#8211; IMPERIA \u0111\u01b0\u1ee3c thi\u1ebft k\u1ebf \u0111\u1ec3 g\u00e2y \u1ea5n t\u01b0\u1ee3ng v\u00e0 mang \u0111\u1ebfn n\u00e9t tinh t\u1ebf cho ph\u00f2ng kh\u00e1ch, ph\u00f2ng \u0103n ho\u1eb7c khu v\u1ef1c qu\u1ea7y bar t\u1ea1i nh\u00e0. T\u1ee7 qu\u1ea7y bar s\u01a1n m\u00e0i tuy\u1ec7t \u0111\u1eb9p n\u00e0y \u0111\u01b0\u1ee3c t\u1ea1o ra b\u1eb1ng s\u01a1n m\u00e0i N\u00e2u s\u1eabm v\u00e0 s\u01a1n m\u00e0i l\u00e1 b\u1ea1c Champagne m\u1edd. &#8211;&#8230;<\/p>\n","protected":false},"featured_media":2387,"comment_status":"open","ping_status":"closed","template":"","meta":[],"product_cat":[259,260],"product_tag":[279,310],"acf":[],"_links":{"self":[{"href":"https:\/\/maihomedecor.com\/vi\/wp-json\/wp\/v2\/product\/3849"}],"collection":[{"href":"https:\/\/maihomedecor.com\/vi\/wp-json\/wp\/v2\/product"}],"about":[{"href":"https:\/\/maihomedecor.com\/vi\/wp-json\/wp\/v2\/types\/product"}],"replies":[{"embeddable":true,"href":"https:\/\/maihomedecor.com\/vi\/wp-json\/wp\/v2\/comments?post=3849"}],"wp:featuredmedia":[{"embeddable":true,"href":"https:\/\/maihomedecor.com\/vi\/wp-json\/wp\/v2\/media\/2387"}],"wp:attachment":[{"href":"https:\/\/maihomedecor.com\/vi\/wp-json\/wp\/v2\/media?parent=3849"}],"wp:term":[{"taxonomy":"product_cat","embeddable":true,"href":"https:\/\/maihomedecor.com\/vi\/wp-json\/wp\/v2\/product_cat?post=3849"},{"taxonomy":"product_tag","embeddable":true,"href":"https:\/\/maihomedecor.com\/vi\/wp-json\/wp\/v2\/product_tag?post=3849"}],"curies":[{"name":"wp","href":"https:\/\/api.w.org\/{rel}","templated":true}]}}