{"id":3853,"date":"2024-06-28T07:21:49","date_gmt":"2024-06-27T23:21:49","guid":{"rendered":"https:\/\/maihomedecor.com\/product\/ellipse-den-ban-son-mai\/"},"modified":"2025-03-06T14:24:02","modified_gmt":"2025-03-06T06:24:02","slug":"ellipse-den-ban-son-mai","status":"publish","type":"product","link":"https:\/\/maihomedecor.com\/vi\/san-pham\/ellipse-den-ban-son-mai\/","title":{"rendered":"ELLIPSE &#8211; \u0110\u00e8n S\u00e0n S\u01a1n M\u00e0i"},"content":{"rendered":"<p><span style=\"font-size: 105%; color: #000000;\"><strong>M\u00f4 t\u1ea3 s\u1ea3n ph\u1ea9m:<\/strong><\/span><br \/>\n<span style=\"color: #000000;\">&#8211; \u0110\u00e8n s\u01a1n m\u00e0i ELLIPSE \u0111\u01b0a ch\u00fang ta \u0111\u1ebfn \u0111\u1eb3ng c\u1ea5p ti\u1ebfp theo c\u1ee7a ch\u1ee7 ngh\u0129a t\u1ed1i gi\u1ea3n sang tr\u1ecdng v\u00e0 s\u1ef1 thanh l\u1ecbch gi\u1ea3n d\u1ecb. V\u1edbi ch\u1ee5p \u0111\u00e8n h\u00ecnh b\u1ea7u d\u1ee5c v\u00e0 \u0111\u1ebf h\u00ecnh b\u1ea7u d\u1ee5c \u0111\u01b0\u1ee3c thi\u1ebft k\u1ebf vu\u00f4ng g\u00f3c, s\u1ea3n ph\u1ea9m n\u00e0y th\u1ec3 hi\u1ec7n nh\u1eefng \u0111\u01b0\u1eddng cong tinh t\u1ebf, h\u00ecnh d\u00e1ng thanh l\u1ecbch v\u00e0 h\u00ecnh h\u1ecdc \u0111\u01a1n gi\u1ea3n: \u0111\u00e2y ch\u00ednh l\u00e0 thi\u1ebft k\u1ebf \u0111\u1eb9p nh\u1ea5t!<br \/>\n&#8211; Ph\u1ea7n \u0111\u1ebf \u0111\u01b0\u1ee3c ho\u00e0n thi\u1ec7n b\u1eb1ng l\u1edbp s\u01a1n m\u00e0i Copper Metallic th\u1ee7 c\u00f4ng \u0111\u1eb9p m\u1eaft trong khi ch\u1ee5p \u0111\u00e8n \u0111\u01b0\u1ee3c l\u00e0m b\u1eb1ng v\u1ea3i tr\u1eafng.<\/span><br \/>\n<span style=\"color: #000000;\">&#8211; S\u1ea3n ph\u1ea9m \u0111\u01b0\u1ee3c l\u00e0m th\u1ee7 c\u00f4ng ho\u00e0n to\u00e0n t\u1ea1i nh\u00e0 m\u00e1y Mai Home Decor Vi\u1ec7t Nam b\u1edfi nh\u1eefng ng\u01b0\u1eddi th\u1ee3 s\u01a1n m\u00e0i l\u00e0nh ngh\u1ec1, s\u1eed d\u1ee5ng c\u00e1c c\u00f4ng c\u1ee5 v\u00e0 k\u1ef9 thu\u1eadt \u0111\u01b0\u1ee3c truy\u1ec1n l\u1ea1i v\u00e0 tinh ch\u1ec9nh t\u1eeb th\u1ebf h\u1ec7 n\u00e0y sang th\u1ebf h\u1ec7 kh\u00e1c.<\/span><\/p>\n<p><span style=\"font-size: 105%; color: #000000;\"><strong>Th\u00f4ng s\u1ed1 k\u1ef9 thu\u1eadt:<\/strong><\/span><br \/>\n<span style=\"color: #000000;\">&#8211; V\u1eadt li\u1ec7u: G\u1ed7 c\u00f4ng nghi\u1ec7p MDF, S\u01a1n m\u00e0i, V\u1ea3i cotton ph\u1ee7 PVC<\/span><br \/>\n<span style=\"color: #000000;\">&#8211; K\u00edch th\u01b0\u1edbc (W x D x H) : 210 x 210 x 500 mm<\/span><br \/>\n<span style=\"color: #000000;\">&#8211; Kh\u00f4ng cung c\u1ea5p b\u00f3ng \u0111\u00e8n<\/span><br \/>\n<span style=\"color: #000000;\">&#8211; K\u1ebft c\u1ea5u \u0111i\u1ec7n, linh ki\u1ec7n \u0111i\u1ec7n v\u00e0 l\u1eafp r\u00e1p \u0111\u01b0\u1ee3c ch\u1ee9ng nh\u1eadn CE.<\/span><\/p>\n<div><span style=\"font-size: 105%; color: #000000;\"><strong>T\u01b0 v\u1ea5n v\u00e0 gi\u00e1 c\u1ea3:<\/strong><\/span><\/div>\n<div><span style=\"color: #000000;\">&#8211; S\u1ea3n ph\u1ea9m n\u00e0y ch\u00fang t\u00f4i kh\u00f4ng c\u00f3 s\u1eb5n nh\u01b0ng c\u00f3 th\u1ec3 s\u1ea3n xu\u1ea5t theo \u0111\u01a1n \u0111\u1eb7t h\u00e0ng. Gi\u00e1 tr\u00ean ch\u01b0a bao g\u1ed3m chi ph\u00ed v\u1eadn chuy\u1ec3n v\u00e0 \u00e1p d\u1ee5ng cho s\u1ea3n xu\u1ea5t theo \u0111\u01a1n \u0111\u1eb7t h\u00e0ng s\u1ed1 l\u01b0\u1ee3ng 1 s\u1ea3n ph\u1ea9m.<\/span><br \/>\n<span style=\"color: #000000;\">&#8211; Vui l\u00f2ng t\u00ecm hi\u1ec3u v\u1ec1 c\u00e1c l\u1ef1a ch\u1ecdn c\u1ee7a ch\u00fang t\u00f4i \u0111\u1ec3 s\u1ea3n xu\u1ea5t theo \u0111\u01a1n \u0111\u1eb7t h\u00e0ng v\u00e0 t\u00f9y ch\u1ec9nh l\u1edbp ho\u00e0n thi\u1ec7n: ch\u00fang t\u00f4i s\u1ebd tr\u1ea3 l\u1eddi s\u1edbm.<\/span><br \/>\n<span style=\"color: #000000;\">&#8211; \u0110\u01b0\u1ee3c b\u00e1n b\u1edfi Mai Home D\u00e9cor Pte. Ltd. t\u1ea1i Singapore v\u00e0 \u0111\u01b0\u1ee3c v\u1eadn chuy\u1ec3n t\u1eeb nh\u00e0 m\u00e1y s\u01a1n m\u00e0i c\u1ee7a ch\u00fang t\u00f4i t\u1ea1i Vi\u1ec7t Nam.<\/span><\/div>\n","protected":false},"excerpt":{"rendered":"<p>M\u00f4 t\u1ea3 s\u1ea3n ph\u1ea9m: &#8211; \u0110\u00e8n s\u01a1n m\u00e0i ELLIPSE \u0111\u01b0a ch\u00fang ta \u0111\u1ebfn \u0111\u1eb3ng c\u1ea5p ti\u1ebfp theo c\u1ee7a ch\u1ee7 ngh\u0129a t\u1ed1i gi\u1ea3n sang tr\u1ecdng v\u00e0 s\u1ef1 thanh l\u1ecbch gi\u1ea3n d\u1ecb. V\u1edbi ch\u1ee5p \u0111\u00e8n h\u00ecnh b\u1ea7u d\u1ee5c v\u00e0 \u0111\u1ebf h\u00ecnh b\u1ea7u d\u1ee5c \u0111\u01b0\u1ee3c thi\u1ebft k\u1ebf vu\u00f4ng g\u00f3c, s\u1ea3n ph\u1ea9m n\u00e0y th\u1ec3 hi\u1ec7n nh\u1eefng \u0111\u01b0\u1eddng cong tinh&#8230;<\/p>\n","protected":false},"featured_media":4662,"comment_status":"closed","ping_status":"closed","template":"","meta":[],"product_cat":[270,273],"product_tag":[342,344],"acf":[],"_links":{"self":[{"href":"https:\/\/maihomedecor.com\/vi\/wp-json\/wp\/v2\/product\/3853"}],"collection":[{"href":"https:\/\/maihomedecor.com\/vi\/wp-json\/wp\/v2\/product"}],"about":[{"href":"https:\/\/maihomedecor.com\/vi\/wp-json\/wp\/v2\/types\/product"}],"replies":[{"embeddable":true,"href":"https:\/\/maihomedecor.com\/vi\/wp-json\/wp\/v2\/comments?post=3853"}],"wp:featuredmedia":[{"embeddable":true,"href":"https:\/\/maihomedecor.com\/vi\/wp-json\/wp\/v2\/media\/4662"}],"wp:attachment":[{"href":"https:\/\/maihomedecor.com\/vi\/wp-json\/wp\/v2\/media?parent=3853"}],"wp:term":[{"taxonomy":"product_cat","embeddable":true,"href":"https:\/\/maihomedecor.com\/vi\/wp-json\/wp\/v2\/product_cat?post=3853"},{"taxonomy":"product_tag","embeddable":true,"href":"https:\/\/maihomedecor.com\/vi\/wp-json\/wp\/v2\/product_tag?post=3853"}],"curies":[{"name":"wp","href":"https:\/\/api.w.org\/{rel}","templated":true}]}}