{"id":3855,"date":"2024-06-28T07:04:58","date_gmt":"2024-06-27T23:04:58","guid":{"rendered":"https:\/\/maihomedecor.com\/product\/acapulco-den-ban-son-mai\/"},"modified":"2025-05-23T16:22:00","modified_gmt":"2025-05-23T08:22:00","slug":"acapulco-den-ban-son-mai","status":"publish","type":"product","link":"https:\/\/maihomedecor.com\/vi\/san-pham\/acapulco-den-ban-son-mai\/","title":{"rendered":"ACAPULCO &#8211; \u0110\u00e8n B\u00e0n S\u01a1n M\u00e0i"},"content":{"rendered":"<p><span style=\"font-size: 105%;\"><strong>M\u00f4 t\u1ea3 s\u1ea3n ph\u1ea9m:<\/strong><\/span><br \/>\n&#8211; \u0110\u00e8n b\u00e0n s\u01a1n m\u00e0i ACAPULCO \u0111\u01b0\u1ee3c thi\u1ebft k\u1ebf \u0111\u1ec3 g\u00e2y \u1ea5n t\u01b0\u1ee3ng. Th\u00e2n \u0111\u00e8n \u0111\u01b0\u1ee3c l\u00e0m th\u1ee7 c\u00f4ng b\u1eb1ng s\u01a1n m\u00e0i Dark Chocolate tuy\u1ec7t \u0111\u1eb9p v\u00e0 ch\u1ee5p \u0111\u00e8n b\u1eb1ng v\u1ea3i cotton tr\u1eafng. Chi\u1ebfc \u0111\u00e8n n\u00e0y t\u1ef1 h\u00e0o s\u1edf h\u1eefu di s\u1ea3n Art Deco: ch\u1ee5p \u0111\u00e8n h\u00ecnh b\u1ea7u d\u1ee5c v\u00e0 khung h\u00ecnh b\u1ea7u d\u1ee5c \u0111\u01b0\u1ee3c h\u1ee3p nh\u1ea5t th\u00e0nh m\u1ed9t th\u00e2n \u0111\u00e8n duy nh\u1ea5t, mang \u0111\u1ebfn cho n\u00f3 m\u1ed9t h\u00ecnh b\u00f3ng h\u1ea5p d\u1eabn. \u0110\u01a1n gi\u1ea3n, thanh l\u1ecbch v\u00e0 b\u00f3ng b\u1ea9y, s\u1ea3n ph\u1ea9m \u0111\u01b0\u1ee3c thi\u1ebft k\u1ebf \u0111\u1ec3 mang \u0111\u1ebfn n\u00e9t th\u1eddi trang cho m\u1ecdi c\u0103n ph\u00f2ng.<br \/>\n&#8211; S\u1ea3n ph\u1ea9m \u0111\u01b0\u1ee3c l\u00e0m th\u1ee7 c\u00f4ng ho\u00e0n to\u00e0n t\u1ea1i nh\u00e0 m\u00e1y Mai Home Decor Vi\u1ec7t Nam b\u1edfi nh\u1eefng ng\u01b0\u1eddi th\u1ee3 s\u01a1n m\u00e0i l\u00e0nh ngh\u1ec1, s\u1eed d\u1ee5ng c\u00e1c c\u00f4ng c\u1ee5 v\u00e0 k\u1ef9 thu\u1eadt \u0111\u01b0\u1ee3c truy\u1ec1n l\u1ea1i v\u00e0 tinh ch\u1ec9nh t\u1eeb th\u1ebf h\u1ec7 n\u00e0y sang th\u1ebf h\u1ec7 kh\u00e1c.<\/p>\n<p><span style=\"font-size: 105%;\"><strong>Th\u00f4ng s\u1ed1 k\u1ef9 thu\u1eadt:<\/strong><\/span><br \/>\n&#8211; V\u1eadt li\u1ec7u: G\u1ed7 c\u00f4ng nghi\u1ec7p MDF, S\u01a1n m\u00e0i, V\u1ea3i cotton ph\u1ee7 PVC<br \/>\n&#8211; K\u00edch th\u01b0\u1edbc (W x D x H) : 330 x 190 x 360 mm<br \/>\n&#8211; Kh\u00f4ng cung c\u1ea5p b\u00f3ng \u0111\u00e8n<br \/>\n&#8211; K\u1ebft c\u1ea5u \u0111i\u1ec7n, linh ki\u1ec7n \u0111i\u1ec7n v\u00e0 l\u1eafp r\u00e1p \u0111\u01b0\u1ee3c ch\u1ee9ng nh\u1eadn CE.<\/p>\n<div><span style=\"font-size: 105%;\"><strong>T\u01b0 v\u1ea5n v\u00e0 gi\u00e1 c\u1ea3:<\/strong><\/span><\/div>\n<div>&#8211; Gi\u00e1 tr\u00ean kh\u00f4ng bao g\u1ed3m ph\u00ed v\u1eadn chuy\u1ec3n, ph\u00ed n\u00e0y s\u1ebd \u0111\u01b0\u1ee3c c\u1ed9ng th\u00eam khi b\u1ea1n thanh to\u00e1n. T\u1ed5ng s\u1ed1 ti\u1ec1n ph\u1ea3i tr\u1ea3 bao g\u1ed3m s\u1ea3n ph\u1ea9m v\u00e0 chi ph\u00ed v\u1eadn chuy\u1ec3n s\u1ebd \u0111\u01b0\u1ee3c hi\u1ec3n th\u1ecb.<br \/>\n&#8211; \u0110\u01b0\u1ee3c b\u00e1n b\u1edfi Mai Home D\u00e9cor Pte. Ltd. t\u1ea1i Singapore v\u00e0 \u0111\u01b0\u1ee3c v\u1eadn chuy\u1ec3n t\u1eeb nh\u00e0 m\u00e1y s\u01a1n m\u00e0i c\u1ee7a ch\u00fang t\u00f4i t\u1ea1i Vi\u1ec7t Nam.<\/div>\n","protected":false},"excerpt":{"rendered":"<p>M\u00f4 t\u1ea3 s\u1ea3n ph\u1ea9m: &#8211; \u0110\u00e8n b\u00e0n s\u01a1n m\u00e0i ACAPULCO \u0111\u01b0\u1ee3c thi\u1ebft k\u1ebf \u0111\u1ec3 g\u00e2y \u1ea5n t\u01b0\u1ee3ng. Th\u00e2n \u0111\u00e8n \u0111\u01b0\u1ee3c l\u00e0m th\u1ee7 c\u00f4ng b\u1eb1ng s\u01a1n m\u00e0i Dark Chocolate tuy\u1ec7t \u0111\u1eb9p v\u00e0 ch\u1ee5p \u0111\u00e8n b\u1eb1ng v\u1ea3i cotton tr\u1eafng. Chi\u1ebfc \u0111\u00e8n n\u00e0y t\u1ef1 h\u00e0o s\u1edf h\u1eefu di s\u1ea3n Art Deco: ch\u1ee5p \u0111\u00e8n h\u00ecnh b\u1ea7u d\u1ee5c v\u00e0 khung&#8230;<\/p>\n","protected":false},"featured_media":4658,"comment_status":"closed","ping_status":"closed","template":"","meta":[],"product_cat":[270,273],"product_tag":[342,344],"acf":[],"_links":{"self":[{"href":"https:\/\/maihomedecor.com\/vi\/wp-json\/wp\/v2\/product\/3855"}],"collection":[{"href":"https:\/\/maihomedecor.com\/vi\/wp-json\/wp\/v2\/product"}],"about":[{"href":"https:\/\/maihomedecor.com\/vi\/wp-json\/wp\/v2\/types\/product"}],"replies":[{"embeddable":true,"href":"https:\/\/maihomedecor.com\/vi\/wp-json\/wp\/v2\/comments?post=3855"}],"wp:featuredmedia":[{"embeddable":true,"href":"https:\/\/maihomedecor.com\/vi\/wp-json\/wp\/v2\/media\/4658"}],"wp:attachment":[{"href":"https:\/\/maihomedecor.com\/vi\/wp-json\/wp\/v2\/media?parent=3855"}],"wp:term":[{"taxonomy":"product_cat","embeddable":true,"href":"https:\/\/maihomedecor.com\/vi\/wp-json\/wp\/v2\/product_cat?post=3855"},{"taxonomy":"product_tag","embeddable":true,"href":"https:\/\/maihomedecor.com\/vi\/wp-json\/wp\/v2\/product_tag?post=3855"}],"curies":[{"name":"wp","href":"https:\/\/api.w.org\/{rel}","templated":true}]}}