{"id":3856,"date":"2024-06-28T06:55:44","date_gmt":"2024-06-27T22:55:44","guid":{"rendered":"https:\/\/maihomedecor.com\/product\/babel-den-ban-son-mai\/"},"modified":"2024-10-09T15:21:01","modified_gmt":"2024-10-09T07:21:01","slug":"babel-den-ban-son-mai","status":"publish","type":"product","link":"https:\/\/maihomedecor.com\/vi\/san-pham\/babel-den-ban-son-mai\/","title":{"rendered":"BABEL &#8211; \u0110\u00e8n B\u00e0n S\u01a1n M\u00e0i"},"content":{"rendered":"<p><span style=\"font-size: 105%;\"><strong>M\u00f4 t\u1ea3 s\u1ea3n ph\u1ea9m:<\/strong><\/span><br \/>\n&#8211; \u0110\u00e8n s\u01a1n m\u00e0i BABEL l\u00e0 \u0111\u00e8n tr\u1ee5 th\u00e1p tho\u00e1ng m\u00e1t, mang \u0111\u1ebfn n\u00e9t thanh l\u1ecbch cho m\u1ecdi c\u0103n ph\u00f2ng. C\u1ea5u tr\u00fac c\u1ee7a \u0111\u00e8n \u0111\u01b0\u1ee3c ho\u00e0n thi\u1ec7n b\u1eb1ng l\u1edbp s\u01a1n m\u00e0i m\u00e0u xanh navy th\u1ee7 c\u00f4ng tuy\u1ec7t \u0111\u1eb9p, t\u1ea1o n\u00ean s\u1ef1 t\u01b0\u01a1ng ph\u1ea3n tinh t\u1ebf v\u1edbi l\u1edbp v\u1ea3i cotton tr\u1eafng c\u1ee7a ch\u1ee5p \u0111\u00e8n. \u0110\u01a1n gi\u1ea3n v\u00e0 thanh l\u1ecbch, BABEL l\u00e0 ng\u01b0\u1eddi b\u1ea1n \u0111\u1ed3ng h\u00e0nh \u0111\u1ea7y phong c\u00e1ch cho nh\u1eefng \u0111\u00eam \u0111\u1ecdc s\u00e1ch.<br \/>\n&#8211; S\u1ea3n ph\u1ea9m \u0111\u01b0\u1ee3c l\u00e0m th\u1ee7 c\u00f4ng ho\u00e0n to\u00e0n t\u1ea1i nh\u00e0 m\u00e1y Mai Home Decor Vi\u1ec7t Nam b\u1edfi nh\u1eefng ng\u01b0\u1eddi th\u1ee3 s\u01a1n m\u00e0i l\u00e0nh ngh\u1ec1, s\u1eed d\u1ee5ng c\u00e1c c\u00f4ng c\u1ee5 v\u00e0 k\u1ef9 thu\u1eadt \u0111\u01b0\u1ee3c truy\u1ec1n l\u1ea1i v\u00e0 tinh ch\u1ec9nh t\u1eeb th\u1ebf h\u1ec7 n\u00e0y sang th\u1ebf h\u1ec7 kh\u00e1c.<\/p>\n<p><span style=\"font-size: 105%;\"><strong>Th\u00f4ng s\u1ed1 k\u1ef9 thu\u1eadt:<\/strong><\/span><br \/>\n&#8211; V\u1eadt li\u1ec7u: G\u1ed7 c\u00f4ng nghi\u1ec7p MDF, S\u01a1n m\u00e0i, V\u1ea3i cotton ph\u1ee7 PVC<br \/>\n&#8211; K\u00edch th\u01b0\u1edbc (W x D x H) : 210 x 210 x 500 mm<br \/>\n&#8211; Kh\u00f4ng cung c\u1ea5p b\u00f3ng \u0111\u00e8n<br \/>\n&#8211; K\u1ebft c\u1ea5u \u0111i\u1ec7n, linh ki\u1ec7n \u0111i\u1ec7n v\u00e0 l\u1eafp r\u00e1p \u0111\u01b0\u1ee3c ch\u1ee9ng nh\u1eadn CE.<\/p>\n<div><span style=\"font-size: 105%;\"><strong>T\u01b0 v\u1ea5n v\u00e0 gi\u00e1 c\u1ea3:<\/strong><\/span><\/div>\n<div>&#8211; S\u1ea3n ph\u1ea9m n\u00e0y ch\u00fang t\u00f4i kh\u00f4ng c\u00f3 s\u1eb5n nh\u01b0ng c\u00f3 th\u1ec3 s\u1ea3n xu\u1ea5t theo \u0111\u01a1n \u0111\u1eb7t h\u00e0ng. Gi\u00e1 tr\u00ean ch\u01b0a bao g\u1ed3m chi ph\u00ed v\u1eadn chuy\u1ec3n v\u00e0 \u00e1p d\u1ee5ng cho s\u1ea3n xu\u1ea5t theo \u0111\u01a1n \u0111\u1eb7t h\u00e0ng s\u1ed1 l\u01b0\u1ee3ng 1 s\u1ea3n ph\u1ea9m.<br \/>\n&#8211; Vui l\u00f2ng t\u00ecm hi\u1ec3u v\u1ec1 c\u00e1c l\u1ef1a ch\u1ecdn c\u1ee7a ch\u00fang t\u00f4i \u0111\u1ec3 s\u1ea3n xu\u1ea5t theo \u0111\u01a1n \u0111\u1eb7t h\u00e0ng v\u00e0 t\u00f9y ch\u1ec9nh l\u1edbp ho\u00e0n thi\u1ec7n: ch\u00fang t\u00f4i s\u1ebd tr\u1ea3 l\u1eddi s\u1edbm.<br \/>\n&#8211; \u0110\u01b0\u1ee3c b\u00e1n b\u1edfi Mai Home D\u00e9cor Pte. Ltd. t\u1ea1i Singapore v\u00e0 \u0111\u01b0\u1ee3c v\u1eadn chuy\u1ec3n t\u1eeb nh\u00e0 m\u00e1y s\u01a1n m\u00e0i c\u1ee7a ch\u00fang t\u00f4i t\u1ea1i Vi\u1ec7t Nam.<\/div>\n","protected":false},"excerpt":{"rendered":"<p>M\u00f4 t\u1ea3 s\u1ea3n ph\u1ea9m: &#8211; \u0110\u00e8n s\u01a1n m\u00e0i BABEL l\u00e0 \u0111\u00e8n tr\u1ee5 th\u00e1p tho\u00e1ng m\u00e1t, mang \u0111\u1ebfn n\u00e9t thanh l\u1ecbch cho m\u1ecdi c\u0103n ph\u00f2ng. C\u1ea5u tr\u00fac c\u1ee7a \u0111\u00e8n \u0111\u01b0\u1ee3c ho\u00e0n thi\u1ec7n b\u1eb1ng l\u1edbp s\u01a1n m\u00e0i m\u00e0u xanh navy th\u1ee7 c\u00f4ng tuy\u1ec7t \u0111\u1eb9p, t\u1ea1o n\u00ean s\u1ef1 t\u01b0\u01a1ng ph\u1ea3n tinh t\u1ebf v\u1edbi l\u1edbp v\u1ea3i cotton tr\u1eafng c\u1ee7a&#8230;<\/p>\n","protected":false},"featured_media":3774,"comment_status":"closed","ping_status":"closed","template":"","meta":[],"product_cat":[270,273],"product_tag":[342,344],"acf":[],"_links":{"self":[{"href":"https:\/\/maihomedecor.com\/vi\/wp-json\/wp\/v2\/product\/3856"}],"collection":[{"href":"https:\/\/maihomedecor.com\/vi\/wp-json\/wp\/v2\/product"}],"about":[{"href":"https:\/\/maihomedecor.com\/vi\/wp-json\/wp\/v2\/types\/product"}],"replies":[{"embeddable":true,"href":"https:\/\/maihomedecor.com\/vi\/wp-json\/wp\/v2\/comments?post=3856"}],"wp:featuredmedia":[{"embeddable":true,"href":"https:\/\/maihomedecor.com\/vi\/wp-json\/wp\/v2\/media\/3774"}],"wp:attachment":[{"href":"https:\/\/maihomedecor.com\/vi\/wp-json\/wp\/v2\/media?parent=3856"}],"wp:term":[{"taxonomy":"product_cat","embeddable":true,"href":"https:\/\/maihomedecor.com\/vi\/wp-json\/wp\/v2\/product_cat?post=3856"},{"taxonomy":"product_tag","embeddable":true,"href":"https:\/\/maihomedecor.com\/vi\/wp-json\/wp\/v2\/product_tag?post=3856"}],"curies":[{"name":"wp","href":"https:\/\/api.w.org\/{rel}","templated":true}]}}