{"id":3857,"date":"2024-06-03T01:46:01","date_gmt":"2024-06-02T17:46:01","guid":{"rendered":"https:\/\/maihomedecor.com\/product\/chrystal-hop-trang-suc-son-mai\/"},"modified":"2024-10-10T09:55:27","modified_gmt":"2024-10-10T01:55:27","slug":"chrystal-hop-trang-suc-son-mai","status":"publish","type":"product","link":"https:\/\/maihomedecor.com\/vi\/san-pham\/chrystal-hop-trang-suc-son-mai\/","title":{"rendered":"CHRYSTAL &#8211; H\u1ed9p \u0110\u1ef1ng Trang S\u1ee9c S\u01a1n M\u00e0i Him &amp; Her"},"content":{"rendered":"<div><span style=\"font-size: 105%;\"><strong>M\u00f4 t\u1ea3 s\u1ea3n ph\u1ea9m:<\/strong><\/span><\/div>\n<div>&#8211; CHRYSTAL l\u00e0 h\u1ed9p \u0111\u1ef1ng trang s\u1ee9c s\u01a1n m\u00e0i \u0111\u1ed9c \u0111\u00e1o d\u00e0nh cho &#8220;Anh \u1ea5y &amp; C\u00f4 \u1ea5y&#8221;: m\u1ed9t m\u1eb7t h\u1ed9p d\u00e0nh ri\u00eang cho &#8220;Anh \u1ea5y&#8221; v\u00e0 m\u1eb7t c\u00f2n l\u1ea1i d\u00e0nh cho &#8220;C\u00f4 \u1ea5y&#8221;.<\/div>\n<div>&#8211; M\u1eb7t tr\u00ean v\u00e0 2 m\u1eb7t b\u00ean \u0111\u01b0\u1ee3c ho\u00e0n thi\u1ec7n b\u1eb1ng s\u01a1n m\u00e0i \u0111en. M\u1eb7t tr\u01b0\u1edbc ng\u0103n k\u00e9o \u0111\u01b0\u1ee3c ho\u00e0n thi\u1ec7n b\u1eb1ng s\u01a1n m\u00e0i m\u00e0u b\u1ea1c v\u00e0 \u0111en v\u1edbi h\u1ecda ti\u1ebft Washed c\u1ee7a Mai Home.<br \/>\n&#8211; CHRYSTAL bao g\u1ed3m 6 ng\u0103n k\u00e9o c\u00f3 m\u1eb7t tr\u01b0\u1edbc cong v\u00e0 tay c\u1ea7m ch\u1ea1m kh\u1eafc theo y\u00eau c\u1ea7u. N\u00f3 c\u00f3 m\u1ed9t c\u1eeda s\u1ed5 k\u00ednh m\u1edd \u0111\u01b0\u1ee3c trang tr\u00ed b\u1eb1ng hoa v\u00e0 c\u00f3 th\u1ec3 chi\u1ebfu s\u00e1ng b\u1eb1ng \u0111\u00e8n LED.<\/div>\n<div>&#8211; S\u1ea3n ph\u1ea9m \u0111\u01b0\u1ee3c l\u00e0m th\u1ee7 c\u00f4ng ho\u00e0n to\u00e0n t\u1ea1i nh\u00e0 m\u00e1y Mai Home Decor Vi\u1ec7t Nam b\u1edfi nh\u1eefng ng\u01b0\u1eddi th\u1ee3 s\u01a1n m\u00e0i l\u00e0nh ngh\u1ec1, s\u1eed d\u1ee5ng c\u00e1c c\u00f4ng c\u1ee5 v\u00e0 k\u1ef9 thu\u1eadt \u0111\u01b0\u1ee3c truy\u1ec1n l\u1ea1i v\u00e0 tinh ch\u1ec9nh t\u1eeb th\u1ebf h\u1ec7 n\u00e0y sang th\u1ebf h\u1ec7 kh\u00e1c.<\/div>\n<h3><\/h3>\n<div><span style=\"font-size: 105%;\"><strong>Th\u00f4ng s\u1ed1 k\u1ef9 thu\u1eadt:<\/strong><\/span><\/div>\n<div>&#8211; V\u1eadt li\u1ec7u: G\u1ed7 c\u00f4ng nghi\u1ec7p MDF, S\u01a1n m\u00e0i, Nhung, Nh\u1ef1a<\/div>\n<div>&#8211; K\u00edch th\u01b0\u1edbc (W x D x H): 452 x 180 x 305 mm<\/div>\n<h3><\/h3>\n<div><span style=\"font-size: 105%;\"><strong>T\u01b0 v\u1ea5n v\u00e0 gi\u00e1 c\u1ea3:<\/strong><\/span><\/div>\n<div>&#8211; S\u1ea3n ph\u1ea9m n\u00e0y ch\u00fang t\u00f4i kh\u00f4ng c\u00f3 s\u1eb5n nh\u01b0ng c\u00f3 th\u1ec3 s\u1ea3n xu\u1ea5t theo \u0111\u01a1n \u0111\u1eb7t h\u00e0ng. Gi\u00e1 tr\u00ean ch\u01b0a bao g\u1ed3m chi ph\u00ed v\u1eadn chuy\u1ec3n v\u00e0 \u00e1p d\u1ee5ng cho s\u1ea3n xu\u1ea5t theo \u0111\u01a1n \u0111\u1eb7t h\u00e0ng s\u1ed1 l\u01b0\u1ee3ng 1 s\u1ea3n ph\u1ea9m.<br \/>\n&#8211; Vui l\u00f2ng t\u00ecm hi\u1ec3u v\u1ec1 c\u00e1c l\u1ef1a ch\u1ecdn c\u1ee7a ch\u00fang t\u00f4i \u0111\u1ec3 s\u1ea3n xu\u1ea5t theo \u0111\u01a1n \u0111\u1eb7t h\u00e0ng v\u00e0 t\u00f9y ch\u1ec9nh l\u1edbp ho\u00e0n thi\u1ec7n: ch\u00fang t\u00f4i s\u1ebd tr\u1ea3 l\u1eddi s\u1edbm.<br \/>\n&#8211; \u0110\u01b0\u1ee3c b\u00e1n b\u1edfi Mai Home D\u00e9cor Pte. Ltd. t\u1ea1i Singapore v\u00e0 \u0111\u01b0\u1ee3c v\u1eadn chuy\u1ec3n t\u1eeb nh\u00e0 m\u00e1y s\u01a1n m\u00e0i c\u1ee7a ch\u00fang t\u00f4i t\u1ea1i Vi\u1ec7t Nam.<\/div>\n<p>&nbsp;<\/p>\n","protected":false},"excerpt":{"rendered":"<p>M\u00f4 t\u1ea3 s\u1ea3n ph\u1ea9m: &#8211; CHRYSTAL l\u00e0 h\u1ed9p \u0111\u1ef1ng trang s\u1ee9c s\u01a1n m\u00e0i \u0111\u1ed9c \u0111\u00e1o d\u00e0nh cho &#8220;Anh \u1ea5y &amp; C\u00f4 \u1ea5y&#8221;: m\u1ed9t m\u1eb7t h\u1ed9p d\u00e0nh ri\u00eang cho &#8220;Anh \u1ea5y&#8221; v\u00e0 m\u1eb7t c\u00f2n l\u1ea1i d\u00e0nh cho &#8220;C\u00f4 \u1ea5y&#8221;. &#8211; M\u1eb7t tr\u00ean v\u00e0 2 m\u1eb7t b\u00ean \u0111\u01b0\u1ee3c ho\u00e0n thi\u1ec7n b\u1eb1ng s\u01a1n m\u00e0i \u0111en. M\u1eb7t tr\u01b0\u1edbc ng\u0103n&#8230;<\/p>\n","protected":false},"featured_media":2555,"comment_status":"closed","ping_status":"closed","template":"","meta":[],"product_cat":[252,254],"product_tag":[356,406,350],"acf":[],"_links":{"self":[{"href":"https:\/\/maihomedecor.com\/vi\/wp-json\/wp\/v2\/product\/3857"}],"collection":[{"href":"https:\/\/maihomedecor.com\/vi\/wp-json\/wp\/v2\/product"}],"about":[{"href":"https:\/\/maihomedecor.com\/vi\/wp-json\/wp\/v2\/types\/product"}],"replies":[{"embeddable":true,"href":"https:\/\/maihomedecor.com\/vi\/wp-json\/wp\/v2\/comments?post=3857"}],"wp:featuredmedia":[{"embeddable":true,"href":"https:\/\/maihomedecor.com\/vi\/wp-json\/wp\/v2\/media\/2555"}],"wp:attachment":[{"href":"https:\/\/maihomedecor.com\/vi\/wp-json\/wp\/v2\/media?parent=3857"}],"wp:term":[{"taxonomy":"product_cat","embeddable":true,"href":"https:\/\/maihomedecor.com\/vi\/wp-json\/wp\/v2\/product_cat?post=3857"},{"taxonomy":"product_tag","embeddable":true,"href":"https:\/\/maihomedecor.com\/vi\/wp-json\/wp\/v2\/product_tag?post=3857"}],"curies":[{"name":"wp","href":"https:\/\/api.w.org\/{rel}","templated":true}]}}