{"id":3860,"date":"2024-06-03T03:33:09","date_gmt":"2024-06-02T19:33:09","guid":{"rendered":"https:\/\/maihomedecor.com\/product\/nava-khay-son-mai\/"},"modified":"2025-03-06T14:09:45","modified_gmt":"2025-03-06T06:09:45","slug":"nava-khay-son-mai","status":"publish","type":"product","link":"https:\/\/maihomedecor.com\/vi\/san-pham\/nava-khay-son-mai\/","title":{"rendered":"NAVA &#8211; Khay S\u01a1n M\u00e0i"},"content":{"rendered":"<div><span style=\"font-size: 100%;\"><strong>M\u00f4 t\u1ea3 s\u1ea3n ph\u1ea9m:<\/strong><\/span><\/div>\n<div>&#8211; NAVA l\u00e0 khay vu\u00f4ng c\u00f3 h\u00ecnh d\u1ea1ng t\u1ed1i gi\u1ea3n nh\u01b0ng thanh l\u1ecbch v\u1edbi th\u00e0nh cao d\u1ed1c. L\u1edbp s\u01a1n m\u00e0i Burgundy Red Silver Leaf \u0111\u01b0\u1ee3c s\u1eed d\u1ee5ng cho m\u1eb7t trong c\u1ee7a khay v\u00e0 l\u1edbp s\u01a1n m\u00e0i Black cho m\u1eb7t ngo\u00e0i. Ph\u1ed1i m\u00e0u n\u00e0y l\u00e0m t\u0103ng th\u00eam s\u1ef1 t\u01b0\u01a1ng ph\u1ea3n tuy\u1ec7t v\u1eddi gi\u1eefa B\u00ean trong v\u00e0 B\u00ean ngo\u00e0i. NAVA c\u00f3 th\u1ec3 \u0111\u01b0\u1ee3c s\u1eed d\u1ee5ng \u0111\u1ec3 tr\u01b0ng b\u00e0y c\u00e1c \u0111\u1ed3 v\u1eadt qu\u00fd gi\u00e1 tr\u00ean m\u1eb7t t\u1ee7 ho\u1eb7c \u0111\u1ec3 \u0111\u1ef1ng tr\u00e1i c\u00e2y tr\u00ean b\u00e0n \u0103n.<br \/>\n&#8211; S\u1ea3n ph\u1ea9m \u0111\u01b0\u1ee3c l\u00e0m th\u1ee7 c\u00f4ng ho\u00e0n to\u00e0n t\u1ea1i nh\u00e0 m\u00e1y Mai Home Decor Vi\u1ec7t Nam b\u1edfi nh\u1eefng ng\u01b0\u1eddi th\u1ee3 s\u01a1n m\u00e0i l\u00e0nh ngh\u1ec1, s\u1eed d\u1ee5ng c\u00e1c c\u00f4ng c\u1ee5 v\u00e0 k\u1ef9 thu\u1eadt \u0111\u01b0\u1ee3c truy\u1ec1n l\u1ea1i v\u00e0 tinh ch\u1ec9nh t\u1eeb th\u1ebf h\u1ec7 n\u00e0y sang th\u1ebf h\u1ec7 kh\u00e1c.<\/div>\n<h3><\/h3>\n<div><\/div>\n<div><span style=\"font-size: 105%;\"><strong>Th\u00f4ng s\u1ed1 k\u1ef9 thu\u1eadt:<\/strong><\/span><\/div>\n<div>&#8211; V\u1eadt li\u1ec7u: G\u1ed7 c\u00f4ng nghi\u1ec7p MDF, L\u00e1 b\u1ea1c, S\u01a1n m\u00e0i<\/div>\n<div>&#8211; K\u00edch th\u01b0\u1edbc (W x D x H): 450 x 450 x 80 mm<\/div>\n<div><\/div>\n<h3><\/h3>\n<div><\/div>\n<div><span style=\"font-size: 105%;\"><strong>T\u01b0 v\u1ea5n v\u00e0 gi\u00e1 c\u1ea3:<\/strong><\/span><\/div>\n<div>&#8211; S\u1ea3n ph\u1ea9m n\u00e0y ch\u00fang t\u00f4i kh\u00f4ng c\u00f3 s\u1eb5n nh\u01b0ng c\u00f3 th\u1ec3 s\u1ea3n xu\u1ea5t theo \u0111\u01a1n \u0111\u1eb7t h\u00e0ng. Gi\u00e1 tr\u00ean ch\u01b0a bao g\u1ed3m chi ph\u00ed v\u1eadn chuy\u1ec3n v\u00e0 \u00e1p d\u1ee5ng cho s\u1ea3n xu\u1ea5t theo \u0111\u01a1n \u0111\u1eb7t h\u00e0ng s\u1ed1 l\u01b0\u1ee3ng 1 s\u1ea3n ph\u1ea9m.<br \/>\n&#8211; Vui l\u00f2ng t\u00ecm hi\u1ec3u v\u1ec1 c\u00e1c l\u1ef1a ch\u1ecdn c\u1ee7a ch\u00fang t\u00f4i \u0111\u1ec3 s\u1ea3n xu\u1ea5t theo \u0111\u01a1n \u0111\u1eb7t h\u00e0ng v\u00e0 t\u00f9y ch\u1ec9nh l\u1edbp ho\u00e0n thi\u1ec7n: ch\u00fang t\u00f4i s\u1ebd tr\u1ea3 l\u1eddi s\u1edbm.<br \/>\n&#8211; \u0110\u01b0\u1ee3c b\u00e1n b\u1edfi Mai Home D\u00e9cor Pte. Ltd. t\u1ea1i Singapore v\u00e0 \u0111\u01b0\u1ee3c v\u1eadn chuy\u1ec3n t\u1eeb nh\u00e0 m\u00e1y s\u01a1n m\u00e0i c\u1ee7a ch\u00fang t\u00f4i t\u1ea1i Vi\u1ec7t Nam.<\/div>\n<p>&nbsp;<\/p>\n","protected":false},"excerpt":{"rendered":"<p>M\u00f4 t\u1ea3 s\u1ea3n ph\u1ea9m: &#8211; NAVA l\u00e0 khay vu\u00f4ng c\u00f3 h\u00ecnh d\u1ea1ng t\u1ed1i gi\u1ea3n nh\u01b0ng thanh l\u1ecbch v\u1edbi th\u00e0nh cao d\u1ed1c. L\u1edbp s\u01a1n m\u00e0i Burgundy Red Silver Leaf \u0111\u01b0\u1ee3c s\u1eed d\u1ee5ng cho m\u1eb7t trong c\u1ee7a khay v\u00e0 l\u1edbp s\u01a1n m\u00e0i Black cho m\u1eb7t ngo\u00e0i. Ph\u1ed1i m\u00e0u n\u00e0y l\u00e0m t\u0103ng th\u00eam s\u1ef1 t\u01b0\u01a1ng ph\u1ea3n tuy\u1ec7t v\u1eddi&#8230;<\/p>\n","protected":false},"featured_media":2577,"comment_status":"closed","ping_status":"closed","template":"","meta":[],"product_cat":[252,258],"product_tag":[352,350],"acf":[],"_links":{"self":[{"href":"https:\/\/maihomedecor.com\/vi\/wp-json\/wp\/v2\/product\/3860"}],"collection":[{"href":"https:\/\/maihomedecor.com\/vi\/wp-json\/wp\/v2\/product"}],"about":[{"href":"https:\/\/maihomedecor.com\/vi\/wp-json\/wp\/v2\/types\/product"}],"replies":[{"embeddable":true,"href":"https:\/\/maihomedecor.com\/vi\/wp-json\/wp\/v2\/comments?post=3860"}],"wp:featuredmedia":[{"embeddable":true,"href":"https:\/\/maihomedecor.com\/vi\/wp-json\/wp\/v2\/media\/2577"}],"wp:attachment":[{"href":"https:\/\/maihomedecor.com\/vi\/wp-json\/wp\/v2\/media?parent=3860"}],"wp:term":[{"taxonomy":"product_cat","embeddable":true,"href":"https:\/\/maihomedecor.com\/vi\/wp-json\/wp\/v2\/product_cat?post=3860"},{"taxonomy":"product_tag","embeddable":true,"href":"https:\/\/maihomedecor.com\/vi\/wp-json\/wp\/v2\/product_tag?post=3860"}],"curies":[{"name":"wp","href":"https:\/\/api.w.org\/{rel}","templated":true}]}}