{"id":3863,"date":"2024-06-03T03:59:36","date_gmt":"2024-06-02T19:59:36","guid":{"rendered":"https:\/\/maihomedecor.com\/product\/regina-khay-son-mai\/"},"modified":"2025-03-06T14:12:24","modified_gmt":"2025-03-06T06:12:24","slug":"regina-khay-son-mai","status":"publish","type":"product","link":"https:\/\/maihomedecor.com\/vi\/san-pham\/regina-khay-son-mai\/","title":{"rendered":"REGINA &#8211; Khay Trang Tr\u00ed S\u01a1n M\u00e0i"},"content":{"rendered":"<div><span style=\"font-size: 105%;\"><strong>M\u00f4 t\u1ea3 s\u1ea3n ph\u1ea9m:<\/strong><\/span><\/div>\n<div><span style=\"color: #282828;\">&#8211; REGINA l\u00e0 khay trang tr\u00ed \u0111\u01b0\u1ee3c ho\u00e0n thi\u1ec7n b\u1eb1ng s\u01a1n m\u00e0i th\u1ee7 c\u00f4ng m\u00e0u x\u00e1m v\u00e0 xanh. S\u1ea3n ph\u1ea9m c\u00f3 c\u00e1c c\u1ea1nh cong n\u1ed5i b\u1eadt, h\u1ecda ti\u1ebft hoa m\u00e0u xanh tuy\u1ec7t \u0111\u1eb9p v\u00e0 \u0111\u01b0\u1eddng vi\u1ec1n c\u1ea1nh t\u01b0\u01a1ng ph\u1ea3n m\u00e0u s\u1eafc. N\u00f3 mang \u0111\u1ebfn n\u00e9t sang tr\u1ecdng cho h\u00e0nh lang, ph\u00f2ng kh\u00e1ch, ph\u00f2ng \u0103n ho\u1eb7c b\u1ea5t c\u1ee9 n\u01a1i n\u00e0o n\u00f3 \u0111\u01b0\u1ee3c \u0111\u1eb7t tr\u00ean b\u00e0n ho\u1eb7c t\u1ee7.<br \/>\n&#8211; S\u1ee9c h\u1ea5p d\u1eabn \u0111\u1ed9c \u0111\u00e1o c\u1ee7a n\u00f3 b\u1eaft ngu\u1ed3n t\u1eeb t\u00e1c ph\u1ea9m ngh\u1ec7 thu\u1eadt \u0111\u1ed3 h\u1ecda ph\u1ee9c t\u1ea1p, th\u1ec3 hi\u1ec7n c\u00e1c h\u00ecnh ch\u1eef V b\u00e1n trong su\u1ed1t ch\u1ed3ng l\u00ean m\u1ed9t b\u00f4ng hoa m\u00e0u xanh tr\u1eebu t\u01b0\u1ee3ng tuy\u1ec7t \u0111\u1eb9p \u0111\u01b0\u1ee3c in tr\u00ean m\u1eb7t khay m\u00e0u x\u00e1m nh\u1ea1t.<br \/>\n&#8211;<\/span><span style=\"color: #282828;\"> REGINA \u0111\u01b0\u1ee3c l\u00e0m th\u1ee7 c\u00f4ng ho\u00e0n to\u00e0n t\u1ea1i nh\u00e0 m\u00e1y Mai Home Decor Vi\u1ec7t Nam b\u1edfi nh\u1eefng ng\u01b0\u1eddi th\u1ee3 s\u01a1n m\u00e0i l\u00e0nh ngh\u1ec1, s\u1eed d\u1ee5ng c\u00e1c c\u00f4ng c\u1ee5 v\u00e0 k\u1ef9 thu\u1eadt \u0111\u01b0\u1ee3c truy\u1ec1n l\u1ea1i v\u00e0 tinh ch\u1ec9nh t\u1eeb th\u1ebf h\u1ec7 n\u00e0y sang th\u1ebf h\u1ec7 kh\u00e1c.<\/span><\/div>\n<h3><\/h3>\n<div><span style=\"font-size: 105%;\"><strong>Th\u00f4ng s\u1ed1 k\u1ef9 thu\u1eadt:<\/strong><\/span><\/div>\n<div>&#8211; Nguy\u00ean li\u1ec7u: G\u1ed7 c\u00f4ng nghi\u1ec7p MDF, S\u01a1n m\u00e0i<\/div>\n<div>&#8211; K\u00edch th\u01b0\u1edbc (W x D x H): 340 x 340 x 65 mm<\/div>\n<h3><\/h3>\n<div><span style=\"font-size: 105%;\"><strong>T\u01b0 v\u1ea5n v\u00e0 gi\u00e1 c\u1ea3:<br \/>\n<\/strong><\/span><span style=\"color: #282828;\">&#8211; S\u1ea3n ph\u1ea9m n\u00e0y ch\u00fang t\u00f4i kh\u00f4ng c\u00f3 s\u1eb5n nh\u01b0ng c\u00f3 th\u1ec3 s\u1ea3n xu\u1ea5t theo \u0111\u01a1n \u0111\u1eb7t h\u00e0ng. Gi\u00e1 tr\u00ean ch\u01b0a bao g\u1ed3m chi ph\u00ed v\u1eadn chuy\u1ec3n v\u00e0 \u00e1p d\u1ee5ng cho s\u1ea3n xu\u1ea5t theo \u0111\u01a1n \u0111\u1eb7t h\u00e0ng s\u1ed1 l\u01b0\u1ee3ng 1 s\u1ea3n ph\u1ea9m.<br \/>\n&#8211; Vui l\u00f2ng t\u00ecm hi\u1ec3u v\u1ec1 c\u00e1c l\u1ef1a ch\u1ecdn c\u1ee7a ch\u00fang t\u00f4i \u0111\u1ec3 s\u1ea3n xu\u1ea5t theo \u0111\u01a1n \u0111\u1eb7t h\u00e0ng v\u00e0 t\u00f9y ch\u1ec9nh l\u1edbp ho\u00e0n thi\u1ec7n: ch\u00fang t\u00f4i s\u1ebd tr\u1ea3 l\u1eddi s\u1edbm.<br \/>\n&#8211; \u0110\u01b0\u1ee3c b\u00e1n b\u1edfi Mai Home D\u00e9cor Pte. Ltd. t\u1ea1i Singapore v\u00e0 \u0111\u01b0\u1ee3c v\u1eadn chuy\u1ec3n t\u1eeb nh\u00e0 m\u00e1y s\u01a1n m\u00e0i c\u1ee7a ch\u00fang t\u00f4i t\u1ea1i Vi\u1ec7t Nam.<\/span><\/div>\n<p>&nbsp;<\/p>\n<p>&nbsp;<\/p>\n","protected":false},"excerpt":{"rendered":"<p>M\u00f4 t\u1ea3 s\u1ea3n ph\u1ea9m: &#8211; REGINA l\u00e0 khay trang tr\u00ed \u0111\u01b0\u1ee3c ho\u00e0n thi\u1ec7n b\u1eb1ng s\u01a1n m\u00e0i th\u1ee7 c\u00f4ng m\u00e0u x\u00e1m v\u00e0 xanh. S\u1ea3n ph\u1ea9m c\u00f3 c\u00e1c c\u1ea1nh cong n\u1ed5i b\u1eadt, h\u1ecda ti\u1ebft hoa m\u00e0u xanh tuy\u1ec7t \u0111\u1eb9p v\u00e0 \u0111\u01b0\u1eddng vi\u1ec1n c\u1ea1nh t\u01b0\u01a1ng ph\u1ea3n m\u00e0u s\u1eafc. N\u00f3 mang \u0111\u1ebfn n\u00e9t sang tr\u1ecdng cho h\u00e0nh lang, ph\u00f2ng&#8230;<\/p>\n","protected":false},"featured_media":2352,"comment_status":"closed","ping_status":"closed","template":"","meta":[],"product_cat":[252,258],"product_tag":[352,350],"acf":[],"_links":{"self":[{"href":"https:\/\/maihomedecor.com\/vi\/wp-json\/wp\/v2\/product\/3863"}],"collection":[{"href":"https:\/\/maihomedecor.com\/vi\/wp-json\/wp\/v2\/product"}],"about":[{"href":"https:\/\/maihomedecor.com\/vi\/wp-json\/wp\/v2\/types\/product"}],"replies":[{"embeddable":true,"href":"https:\/\/maihomedecor.com\/vi\/wp-json\/wp\/v2\/comments?post=3863"}],"wp:featuredmedia":[{"embeddable":true,"href":"https:\/\/maihomedecor.com\/vi\/wp-json\/wp\/v2\/media\/2352"}],"wp:attachment":[{"href":"https:\/\/maihomedecor.com\/vi\/wp-json\/wp\/v2\/media?parent=3863"}],"wp:term":[{"taxonomy":"product_cat","embeddable":true,"href":"https:\/\/maihomedecor.com\/vi\/wp-json\/wp\/v2\/product_cat?post=3863"},{"taxonomy":"product_tag","embeddable":true,"href":"https:\/\/maihomedecor.com\/vi\/wp-json\/wp\/v2\/product_tag?post=3863"}],"curies":[{"name":"wp","href":"https:\/\/api.w.org\/{rel}","templated":true}]}}