{"id":3865,"date":"2024-06-03T07:54:53","date_gmt":"2024-06-02T23:54:53","guid":{"rendered":"https:\/\/maihomedecor.com\/product\/lydia-ban-goc-son-mai\/"},"modified":"2025-03-06T13:51:20","modified_gmt":"2025-03-06T05:51:20","slug":"lydia-ban-goc-son-mai","status":"publish","type":"product","link":"https:\/\/maihomedecor.com\/vi\/san-pham\/lydia-ban-goc-son-mai\/","title":{"rendered":"LYDIA &#8211; B\u00e0n G\u00f3c S\u01a1n M\u00e0i"},"content":{"rendered":"<div><strong>M\u00f4 t\u1ea3 s\u1ea3n ph\u1ea9m:<\/strong><\/div>\n<div>&#8211; B\u00e0n g\u00f3c s\u01a1n m\u00e0i LYDIA c\u00f3 h\u00ecnh tr\u00f2n v\u00e0 \u0111\u01b0\u1eddng cong \u0111\u01b0\u1ee3c t\u00f4 \u0111i\u1ec3m b\u1eb1ng l\u1edbp s\u01a1n m\u00e0i tinh x\u1ea3o \u0111\u1ec3 t\u1ea1o n\u00ean \u0111\u1ed3 n\u1ed9i th\u1ea5t th\u1eddi trang. S\u1ea3n ph\u1ea9m \u0111\u01b0\u1ee3c l\u00e0m b\u1eb1ng s\u1ee3i th\u1ee7y tinh b\u1ec1n ch\u1eafc v\u00e0 ch\u1eafc ch\u1eafn, \u0111\u01b0\u1ee3c ho\u00e0n thi\u1ec7n b\u1eb1ng l\u1edbp s\u01a1n m\u00e0i m\u00e0u xanh h\u1ea3i qu\u00e2n th\u1ee7 c\u00f4ng. Thi\u1ebft k\u1ebf hi\u1ec7n \u0111\u1ea1i v\u00e0 b\u00f3ng b\u1ea9y g\u00f3p ph\u1ea7n t\u1ea1o n\u00ean s\u1ef1 thanh l\u1ecbch: n\u00f3 s\u1ebd mang \u0111\u1ebfn n\u00e9t tinh t\u1ebf cho ph\u00f2ng kh\u00e1ch, h\u00e0nh lang ho\u1eb7c b\u1ea5t c\u1ee9 n\u01a1i n\u00e0o c\u1ea7n m\u1ed9t chi\u1ebfc b\u00e0n nh\u1ecf.<br \/>\n&#8211; LYDIA \u0111\u01b0\u1ee3c l\u00e0m th\u1ee7 c\u00f4ng t\u1ea1i nh\u00e0 m\u00e1y Mai Home Decor Vi\u1ec7t Nam b\u1edfi nh\u1eefng ng\u01b0\u1eddi th\u1ee3 s\u01a1n m\u00e0i l\u00e0nh ngh\u1ec1, s\u1eed d\u1ee5ng c\u00e1c c\u00f4ng c\u1ee5 v\u00e0 k\u1ef9 thu\u1eadt \u0111\u01b0\u1ee3c truy\u1ec1n l\u1ea1i v\u00e0 tinh ch\u1ec9nh t\u1eeb th\u1ebf h\u1ec7 n\u00e0y sang th\u1ebf h\u1ec7 kh\u00e1c.<\/div>\n<h1><\/h1>\n<div><strong>Th\u00f4ng s\u1ed1 k\u1ef9 thu\u1eadt:<\/strong><\/div>\n<div>&#8211; V\u1eadt li\u1ec7u: Nh\u1ef1a, S\u1ee3i th\u1ee7y tinh, S\u01a1n m\u00e0i<\/div>\n<div>&#8211; K\u00edch th\u01b0\u1edbc (DIA x H): 500 x 540 mm<\/div>\n<h1><\/h1>\n<div><strong>T\u01b0 v\u1ea5n v\u00e0 gi\u00e1 c\u1ea3:<\/strong><\/div>\n<div>&#8211; S\u1ea3n ph\u1ea9m n\u00e0y ch\u00fang t\u00f4i kh\u00f4ng c\u00f3 s\u1eb5n nh\u01b0ng c\u00f3 th\u1ec3 s\u1ea3n xu\u1ea5t theo \u0111\u01a1n \u0111\u1eb7t h\u00e0ng. Gi\u00e1 tr\u00ean ch\u01b0a bao g\u1ed3m chi ph\u00ed v\u1eadn chuy\u1ec3n v\u00e0 \u00e1p d\u1ee5ng cho s\u1ea3n xu\u1ea5t theo \u0111\u01a1n \u0111\u1eb7t h\u00e0ng s\u1ed1 l\u01b0\u1ee3ng 1 s\u1ea3n ph\u1ea9m.<br \/>\n&#8211; Vui l\u00f2ng t\u00ecm hi\u1ec3u v\u1ec1 c\u00e1c l\u1ef1a ch\u1ecdn c\u1ee7a ch\u00fang t\u00f4i \u0111\u1ec3 s\u1ea3n xu\u1ea5t theo \u0111\u01a1n \u0111\u1eb7t h\u00e0ng v\u00e0 t\u00f9y ch\u1ec9nh l\u1edbp ho\u00e0n thi\u1ec7n: ch\u00fang t\u00f4i s\u1ebd tr\u1ea3 l\u1eddi s\u1edbm.<br \/>\n&#8211; \u0110\u01b0\u1ee3c b\u00e1n b\u1edfi Mai Home D\u00e9cor Pte. Ltd. t\u1ea1i Singapore v\u00e0 \u0111\u01b0\u1ee3c v\u1eadn chuy\u1ec3n t\u1eeb nh\u00e0 m\u00e1y s\u01a1n m\u00e0i c\u1ee7a ch\u00fang t\u00f4i t\u1ea1i Vi\u1ec7t Nam.<\/div>\n<p>&nbsp;<\/p>\n<p>&nbsp;<\/p>\n","protected":false},"excerpt":{"rendered":"<p>M\u00f4 t\u1ea3 s\u1ea3n ph\u1ea9m: &#8211; B\u00e0n g\u00f3c s\u01a1n m\u00e0i LYDIA c\u00f3 h\u00ecnh tr\u00f2n v\u00e0 \u0111\u01b0\u1eddng cong \u0111\u01b0\u1ee3c t\u00f4 \u0111i\u1ec3m b\u1eb1ng l\u1edbp s\u01a1n m\u00e0i tinh x\u1ea3o \u0111\u1ec3 t\u1ea1o n\u00ean \u0111\u1ed3 n\u1ed9i th\u1ea5t th\u1eddi trang. S\u1ea3n ph\u1ea9m \u0111\u01b0\u1ee3c l\u00e0m b\u1eb1ng s\u1ee3i th\u1ee7y tinh b\u1ec1n ch\u1eafc v\u00e0 ch\u1eafc ch\u1eafn, \u0111\u01b0\u1ee3c ho\u00e0n thi\u1ec7n b\u1eb1ng l\u1edbp s\u01a1n m\u00e0i m\u00e0u xanh&#8230;<\/p>\n","protected":false},"featured_media":2477,"comment_status":"closed","ping_status":"closed","template":"","meta":[],"product_cat":[268,259],"product_tag":[279,289],"acf":[],"_links":{"self":[{"href":"https:\/\/maihomedecor.com\/vi\/wp-json\/wp\/v2\/product\/3865"}],"collection":[{"href":"https:\/\/maihomedecor.com\/vi\/wp-json\/wp\/v2\/product"}],"about":[{"href":"https:\/\/maihomedecor.com\/vi\/wp-json\/wp\/v2\/types\/product"}],"replies":[{"embeddable":true,"href":"https:\/\/maihomedecor.com\/vi\/wp-json\/wp\/v2\/comments?post=3865"}],"wp:featuredmedia":[{"embeddable":true,"href":"https:\/\/maihomedecor.com\/vi\/wp-json\/wp\/v2\/media\/2477"}],"wp:attachment":[{"href":"https:\/\/maihomedecor.com\/vi\/wp-json\/wp\/v2\/media?parent=3865"}],"wp:term":[{"taxonomy":"product_cat","embeddable":true,"href":"https:\/\/maihomedecor.com\/vi\/wp-json\/wp\/v2\/product_cat?post=3865"},{"taxonomy":"product_tag","embeddable":true,"href":"https:\/\/maihomedecor.com\/vi\/wp-json\/wp\/v2\/product_tag?post=3865"}],"curies":[{"name":"wp","href":"https:\/\/api.w.org\/{rel}","templated":true}]}}