{"id":3866,"date":"2024-06-03T07:58:43","date_gmt":"2024-06-02T23:58:43","guid":{"rendered":"https:\/\/maihomedecor.com\/product\/astra-ban-goc-son-mai\/"},"modified":"2025-03-06T13:52:02","modified_gmt":"2025-03-06T05:52:02","slug":"astra-ban-goc-son-mai","status":"publish","type":"product","link":"https:\/\/maihomedecor.com\/vi\/san-pham\/astra-ban-goc-son-mai\/","title":{"rendered":"ASTRA &#8211; B\u00e0n G\u00f3c S\u01a1n M\u00e0i"},"content":{"rendered":"<div><strong>M\u00f4 t\u1ea3 s\u1ea3n ph\u1ea9m:<\/strong><\/div>\n<div>&#8211; B\u00e0n g\u00f3c s\u01a1n m\u00e0i ASTRA k\u1ebft h\u1ee3p 3 h\u00ecnh n\u00f3n trong h\u00ecnh d\u00e1ng thanh l\u1ecbch c\u1ee7a n\u00f3 v\u00e0 ch\u1ee9ng minh r\u1eb1ng \u0111\u1ed3 n\u1ed9i th\u1ea5t c\u00f3 \u0111\u01b0\u1eddng cong s\u1ebd \u0111\u1eb9p khi \u0111\u01b0\u1ee3c ho\u00e0n thi\u1ec7n b\u1eb1ng l\u1edbp s\u01a1n m\u00e0i m\u1ecbn. ASTRA to\u00e1t l\u00ean v\u1ebb thanh l\u1ecbch v\u00e0 phong c\u00e1ch gi\u1ea3n d\u1ecb. S\u1ea3n ph\u1ea9m \u0111\u01b0\u1ee3c l\u00e0m b\u1eb1ng s\u1ee3i th\u1ee7y tinh b\u1ec1n ch\u1eafc v\u00e0 ch\u1eafc ch\u1eafn, \u0111\u01b0\u1ee3c ho\u00e0n thi\u1ec7n b\u1eb1ng l\u1edbp s\u01a1n m\u00e0i Dark Brown th\u1ee7 c\u00f4ng \u0111\u1eb9p m\u1eaft.<br \/>\n&#8211; S\u1ea3n ph\u1ea9m \u0111\u01b0\u1ee3c l\u00e0m th\u1ee7 c\u00f4ng ho\u00e0n to\u00e0n t\u1ea1i nh\u00e0 m\u00e1y Mai Home Decor Vi\u1ec7t Nam b\u1edfi nh\u1eefng ng\u01b0\u1eddi th\u1ee3 s\u01a1n m\u00e0i l\u00e0nh ngh\u1ec1, s\u1eed d\u1ee5ng c\u00e1c c\u00f4ng c\u1ee5 v\u00e0 k\u1ef9 thu\u1eadt \u0111\u01b0\u1ee3c truy\u1ec1n l\u1ea1i v\u00e0 tinh ch\u1ec9nh t\u1eeb th\u1ebf h\u1ec7 n\u00e0y sang th\u1ebf h\u1ec7 kh\u00e1c.<\/div>\n<h1><\/h1>\n<div><strong>Th\u00f4ng s\u1ed1 k\u1ef9 thu\u1eadt:<\/strong><\/div>\n<div>&#8211; V\u1eadt li\u1ec7u: Nh\u1ef1a\/S\u1ee3i th\u1ee7y tinh, S\u01a1n m\u00e0i<\/div>\n<div>&#8211; K\u00edch th\u01b0\u1edbc (DIA x H): 450 x 550 mm<\/div>\n<h1><\/h1>\n<div><strong>T\u01b0 v\u1ea5n v\u00e0 gi\u00e1 c\u1ea3:<\/strong><\/div>\n<div>&#8211; S\u1ea3n ph\u1ea9m n\u00e0y ch\u00fang t\u00f4i kh\u00f4ng c\u00f3 s\u1eb5n nh\u01b0ng c\u00f3 th\u1ec3 s\u1ea3n xu\u1ea5t theo \u0111\u01a1n \u0111\u1eb7t h\u00e0ng. Gi\u00e1 tr\u00ean ch\u01b0a bao g\u1ed3m chi ph\u00ed v\u1eadn chuy\u1ec3n v\u00e0 \u00e1p d\u1ee5ng cho s\u1ea3n xu\u1ea5t theo \u0111\u01a1n \u0111\u1eb7t h\u00e0ng s\u1ed1 l\u01b0\u1ee3ng 1 s\u1ea3n ph\u1ea9m.<br \/>\n&#8211; Vui l\u00f2ng t\u00ecm hi\u1ec3u v\u1ec1 c\u00e1c l\u1ef1a ch\u1ecdn c\u1ee7a ch\u00fang t\u00f4i \u0111\u1ec3 s\u1ea3n xu\u1ea5t theo \u0111\u01a1n \u0111\u1eb7t h\u00e0ng v\u00e0 t\u00f9y ch\u1ec9nh l\u1edbp ho\u00e0n thi\u1ec7n: ch\u00fang t\u00f4i s\u1ebd tr\u1ea3 l\u1eddi s\u1edbm.<br \/>\n&#8211; \u0110\u01b0\u1ee3c b\u00e1n b\u1edfi Mai Home D\u00e9cor Pte. Ltd. t\u1ea1i Singapore v\u00e0 \u0111\u01b0\u1ee3c v\u1eadn chuy\u1ec3n t\u1eeb nh\u00e0 m\u00e1y s\u01a1n m\u00e0i c\u1ee7a ch\u00fang t\u00f4i t\u1ea1i Vi\u1ec7t Nam.<\/div>\n<p>&nbsp;<\/p>\n<p>&nbsp;<\/p>\n","protected":false},"excerpt":{"rendered":"<p>M\u00f4 t\u1ea3 s\u1ea3n ph\u1ea9m: &#8211; B\u00e0n g\u00f3c s\u01a1n m\u00e0i ASTRA k\u1ebft h\u1ee3p 3 h\u00ecnh n\u00f3n trong h\u00ecnh d\u00e1ng thanh l\u1ecbch c\u1ee7a n\u00f3 v\u00e0 ch\u1ee9ng minh r\u1eb1ng \u0111\u1ed3 n\u1ed9i th\u1ea5t c\u00f3 \u0111\u01b0\u1eddng cong s\u1ebd \u0111\u1eb9p khi \u0111\u01b0\u1ee3c ho\u00e0n thi\u1ec7n b\u1eb1ng l\u1edbp s\u01a1n m\u00e0i m\u1ecbn. ASTRA to\u00e1t l\u00ean v\u1ebb thanh l\u1ecbch v\u00e0 phong c\u00e1ch gi\u1ea3n d\u1ecb. S\u1ea3n&#8230;<\/p>\n","protected":false},"featured_media":2482,"comment_status":"closed","ping_status":"closed","template":"","meta":[],"product_cat":[268,259],"product_tag":[279,289],"acf":[],"_links":{"self":[{"href":"https:\/\/maihomedecor.com\/vi\/wp-json\/wp\/v2\/product\/3866"}],"collection":[{"href":"https:\/\/maihomedecor.com\/vi\/wp-json\/wp\/v2\/product"}],"about":[{"href":"https:\/\/maihomedecor.com\/vi\/wp-json\/wp\/v2\/types\/product"}],"replies":[{"embeddable":true,"href":"https:\/\/maihomedecor.com\/vi\/wp-json\/wp\/v2\/comments?post=3866"}],"wp:featuredmedia":[{"embeddable":true,"href":"https:\/\/maihomedecor.com\/vi\/wp-json\/wp\/v2\/media\/2482"}],"wp:attachment":[{"href":"https:\/\/maihomedecor.com\/vi\/wp-json\/wp\/v2\/media?parent=3866"}],"wp:term":[{"taxonomy":"product_cat","embeddable":true,"href":"https:\/\/maihomedecor.com\/vi\/wp-json\/wp\/v2\/product_cat?post=3866"},{"taxonomy":"product_tag","embeddable":true,"href":"https:\/\/maihomedecor.com\/vi\/wp-json\/wp\/v2\/product_tag?post=3866"}],"curies":[{"name":"wp","href":"https:\/\/api.w.org\/{rel}","templated":true}]}}