{"id":3868,"date":"2024-06-03T08:41:54","date_gmt":"2024-06-03T00:41:54","guid":{"rendered":"https:\/\/maihomedecor.com\/product\/delia-ghe-an-son-mai\/"},"modified":"2024-10-10T09:17:39","modified_gmt":"2024-10-10T01:17:39","slug":"delia-ghe-an-son-mai","status":"publish","type":"product","link":"https:\/\/maihomedecor.com\/vi\/san-pham\/delia-ghe-an-son-mai\/","title":{"rendered":"DELIA &#8211; Gh\u1ebf S\u01a1n M\u00e0i"},"content":{"rendered":"<div><strong>M\u00f4 t\u1ea3 s\u1ea3n ph\u1ea9m:<\/strong><\/div>\n<div>&#8211; DELIA l\u00e0 m\u1ed9t chi\u1ebfc gh\u1ebf \u0103n s\u01a1n m\u00e0i c\u00f3 v\u1ebb \u0111\u1eb9p thanh l\u1ecbch v\u01b0\u1ee3t th\u1eddi gian. Thi\u1ebft k\u1ebf t\u1ed1i gi\u1ea3n nh\u01b0ng hi\u1ec7n \u0111\u1ea1i b\u1eaft ngu\u1ed3n t\u1eeb nh\u1eefng \u0111\u01b0\u1eddng cong nh\u1eb9 nh\u00e0ng v\u00e0 m\u1ec1m m\u1ea1i c\u1ee7a ph\u1ea7n t\u1ef1a l\u01b0ng, t\u01b0\u01a1ng ph\u1ea3n h\u00e0i h\u00f2a v\u1edbi \u0111\u01b0\u1eddng th\u1eb3ng c\u1ee7a khung ch\u00e2n. \u0110\u01b0\u1ee3c ho\u00e0n thi\u1ec7n b\u1eb1ng l\u1edbp s\u01a1n m\u00e0i \u0111en th\u1ee7 c\u00f4ng tr\u00ean khung g\u1ed7 v\u00e0 v\u1ea3i \u0111en tr\u00ean gh\u1ebf b\u1ecdc, v\u1ebb ngo\u00e0i &#8220;to\u00e0n m\u00e0u \u0111en&#8221; g\u00f3p ph\u1ea7n t\u1ea1o n\u00ean t\u00ednh c\u00e1ch h\u1ea5p d\u1eabn nh\u01b0ng tinh t\u1ebf c\u1ee7a n\u00f3.<br \/>\n&#8211; DELIA \u0111\u01b0\u1ee3c l\u00e0m th\u1ee7 c\u00f4ng ho\u00e0n to\u00e0n t\u1ea1i nh\u00e0 m\u00e1y Mai Home Decor Vi\u1ec7t Nam b\u1edfi nh\u1eefng ng\u01b0\u1eddi th\u1ee3 s\u01a1n m\u00e0i l\u00e0nh ngh\u1ec1, s\u1eed d\u1ee5ng c\u00e1c c\u00f4ng c\u1ee5 v\u00e0 k\u1ef9 thu\u1eadt \u0111\u01b0\u1ee3c truy\u1ec1n l\u1ea1i v\u00e0 tinh ch\u1ec9nh t\u1eeb th\u1ebf h\u1ec7 n\u00e0y sang th\u1ebf h\u1ec7 kh\u00e1c.<\/div>\n<div><\/div>\n<h1><\/h1>\n<div><strong>Th\u00f4ng s\u1ed1 k\u1ef9 thu\u1eadt:<\/strong><\/div>\n<div>&#8211; Nguy\u00ean v\u1eadt li\u1ec7u: Solid Wood, MDF\/HDF Engineered Wood, Fabric, Lacquer<\/div>\n<div>&#8211; K\u00edch th\u01b0\u1edbc (W x D x H): 490 x 500 x 840 mm<\/div>\n<h1><\/h1>\n<div><strong>T\u01b0 v\u1ea5n v\u00e0 gi\u00e1 c\u1ea3:<\/strong><\/div>\n<div>&#8211; S\u1ea3n ph\u1ea9m n\u00e0y ch\u00fang t\u00f4i kh\u00f4ng c\u00f3 s\u1eb5n nh\u01b0ng c\u00f3 th\u1ec3 s\u1ea3n xu\u1ea5t theo \u0111\u01a1n \u0111\u1eb7t h\u00e0ng. Gi\u00e1 tr\u00ean ch\u01b0a bao g\u1ed3m chi ph\u00ed v\u1eadn chuy\u1ec3n v\u00e0 \u00e1p d\u1ee5ng cho \u0111\u01a1n h\u00e0ng s\u1ea3n xu\u1ea5t theo y\u00eau c\u1ea7u g\u1ed3m 2 s\u1ea3n ph\u1ea9m.<br \/>\n&#8211; Vui l\u00f2ng t\u00ecm hi\u1ec3u v\u1ec1 c\u00e1c l\u1ef1a ch\u1ecdn c\u1ee7a ch\u00fang t\u00f4i \u0111\u1ec3 s\u1ea3n xu\u1ea5t theo \u0111\u01a1n \u0111\u1eb7t h\u00e0ng v\u00e0 t\u00f9y ch\u1ec9nh l\u1edbp ho\u00e0n thi\u1ec7n: ch\u00fang t\u00f4i s\u1ebd tr\u1ea3 l\u1eddi s\u1edbm.<br \/>\n&#8211; \u0110\u01b0\u1ee3c b\u00e1n b\u1edfi Mai Home D\u00e9cor Pte. Ltd. t\u1ea1i Singapore v\u00e0 \u0111\u01b0\u1ee3c v\u1eadn chuy\u1ec3n t\u1eeb nh\u00e0 m\u00e1y s\u01a1n m\u00e0i c\u1ee7a ch\u00fang t\u00f4i t\u1ea1i Vi\u1ec7t Nam.<\/div>\n<p>&nbsp;<\/p>\n<p>&nbsp;<\/p>\n","protected":false},"excerpt":{"rendered":"<p>M\u00f4 t\u1ea3 s\u1ea3n ph\u1ea9m: &#8211; DELIA l\u00e0 m\u1ed9t chi\u1ebfc gh\u1ebf \u0103n s\u01a1n m\u00e0i c\u00f3 v\u1ebb \u0111\u1eb9p thanh l\u1ecbch v\u01b0\u1ee3t th\u1eddi gian. Thi\u1ebft k\u1ebf t\u1ed1i gi\u1ea3n nh\u01b0ng hi\u1ec7n \u0111\u1ea1i b\u1eaft ngu\u1ed3n t\u1eeb nh\u1eefng \u0111\u01b0\u1eddng cong nh\u1eb9 nh\u00e0ng v\u00e0 m\u1ec1m m\u1ea1i c\u1ee7a ph\u1ea7n t\u1ef1a l\u01b0ng, t\u01b0\u01a1ng ph\u1ea3n h\u00e0i h\u00f2a v\u1edbi \u0111\u01b0\u1eddng th\u1eb3ng c\u1ee7a khung ch\u00e2n. \u0110\u01b0\u1ee3c ho\u00e0n&#8230;<\/p>\n","protected":false},"featured_media":2508,"comment_status":"closed","ping_status":"closed","template":"","meta":[],"product_cat":[262,259],"product_tag":[410,278,279],"acf":[],"_links":{"self":[{"href":"https:\/\/maihomedecor.com\/vi\/wp-json\/wp\/v2\/product\/3868"}],"collection":[{"href":"https:\/\/maihomedecor.com\/vi\/wp-json\/wp\/v2\/product"}],"about":[{"href":"https:\/\/maihomedecor.com\/vi\/wp-json\/wp\/v2\/types\/product"}],"replies":[{"embeddable":true,"href":"https:\/\/maihomedecor.com\/vi\/wp-json\/wp\/v2\/comments?post=3868"}],"wp:featuredmedia":[{"embeddable":true,"href":"https:\/\/maihomedecor.com\/vi\/wp-json\/wp\/v2\/media\/2508"}],"wp:attachment":[{"href":"https:\/\/maihomedecor.com\/vi\/wp-json\/wp\/v2\/media?parent=3868"}],"wp:term":[{"taxonomy":"product_cat","embeddable":true,"href":"https:\/\/maihomedecor.com\/vi\/wp-json\/wp\/v2\/product_cat?post=3868"},{"taxonomy":"product_tag","embeddable":true,"href":"https:\/\/maihomedecor.com\/vi\/wp-json\/wp\/v2\/product_tag?post=3868"}],"curies":[{"name":"wp","href":"https:\/\/api.w.org\/{rel}","templated":true}]}}