{"id":3871,"date":"2024-06-03T09:10:11","date_gmt":"2024-06-03T01:10:11","guid":{"rendered":"https:\/\/maihomedecor.com\/product\/qing-ghe-banh-son-mai\/"},"modified":"2024-10-09T17:13:14","modified_gmt":"2024-10-09T09:13:14","slug":"qing-ghe-banh-son-mai","status":"publish","type":"product","link":"https:\/\/maihomedecor.com\/vi\/san-pham\/qing-ghe-banh-son-mai\/","title":{"rendered":"QING &#8211; Gh\u1ebf B\u00e0nh S\u01a1n M\u00e0i \/ Gh\u1ebf D\u00e0i"},"content":{"rendered":"<div><strong>M\u00f4 t\u1ea3 s\u1ea3n ph\u1ea9m:<\/strong><\/div>\n<div>&#8211; QING l\u00e0 gh\u1ebf b\u00e0nh\/gh\u1ebf d\u00e0i s\u01a1n m\u00e0i l\u1ea5y c\u1ea3m h\u1ee9ng t\u1eeb Trung Qu\u1ed1c, \u0111\u01b0\u1ee3c ho\u00e0n thi\u1ec7n b\u1eb1ng l\u1edbp s\u01a1n m\u00e0i n\u00e2u th\u1ee7 c\u00f4ng tr\u00ean khung g\u1ed7 nguy\u00ean kh\u1ed1i v\u00e0 v\u1ea3i b\u1ecdc m\u00e0u be tr\u00ean m\u1eb7t gh\u1ebf. Thi\u1ebft k\u1ebf t\u1ed1i gi\u1ea3n t\u1eadp trung v\u00e0o s\u1ef1 c\u00e2n b\u1eb1ng theo \u0111\u01b0\u1eddng th\u1eb3ng t\u1ea1o n\u00ean v\u1ebb hi\u1ec7n \u0111\u1ea1i h\u01a1n so v\u1edbi nh\u1eefng chi\u1ebfc gh\u1ebf theo phong c\u00e1ch Trung Qu\u1ed1c th\u00f4ng th\u01b0\u1eddng. S\u1ea3n ph\u1ea9m \u0111\u01b0\u1ee3c thi\u1ebft k\u1ebf nh\u1eb1m mang \u0111\u1ebfn phong c\u00e1ch Trung Hoa hi\u1ec7n \u0111\u1ea1i thanh l\u1ecbch cho ph\u00f2ng kh\u00e1ch, ph\u00f2ng ng\u1ee7 ho\u1eb7c h\u00e0nh lang v\u1edbi thi\u1ebft k\u1ebf n\u1ed9i th\u1ea5t theo phong c\u00e1ch ch\u00e2u \u00c1.<br \/>\n&#8211; S\u1ea3n ph\u1ea9m \u0111\u01b0\u1ee3c l\u00e0m th\u1ee7 c\u00f4ng ho\u00e0n to\u00e0n t\u1ea1i nh\u00e0 m\u00e1y Mai Home Decor Vi\u1ec7t Nam b\u1edfi nh\u1eefng ng\u01b0\u1eddi th\u1ee3 s\u01a1n m\u00e0i l\u00e0nh ngh\u1ec1, s\u1eed d\u1ee5ng c\u00e1c c\u00f4ng c\u1ee5 v\u00e0 k\u1ef9 thu\u1eadt \u0111\u01b0\u1ee3c truy\u1ec1n l\u1ea1i v\u00e0 tinh ch\u1ec9nh t\u1eeb th\u1ebf h\u1ec7 n\u00e0y sang th\u1ebf h\u1ec7 kh\u00e1c.<\/div>\n<h1><\/h1>\n<div><strong>Th\u00f4ng s\u1ed1 k\u1ef9 thu\u1eadt:<\/strong><\/div>\n<div>&#8211; Nguy\u00ean v\u1eadt li\u1ec7u: Solid Wood, MDF\/HDF Engineered Wood, Fabric, Lacquer<\/div>\n<div>&#8211; K\u00edch th\u01b0\u1edbc (W x D x H): 760 x 580 x 800 mm<\/div>\n<h1><\/h1>\n<div><strong>T\u01b0 v\u1ea5n v\u00e0 gi\u00e1 c\u1ea3:<\/strong><\/div>\n<div>&#8211; S\u1ea3n ph\u1ea9m n\u00e0y ch\u00fang t\u00f4i kh\u00f4ng c\u00f3 s\u1eb5n nh\u01b0ng c\u00f3 th\u1ec3 s\u1ea3n xu\u1ea5t theo \u0111\u01a1n \u0111\u1eb7t h\u00e0ng. Gi\u00e1 tr\u00ean ch\u01b0a bao g\u1ed3m chi ph\u00ed v\u1eadn chuy\u1ec3n v\u00e0 \u00e1p d\u1ee5ng cho s\u1ea3n xu\u1ea5t theo \u0111\u01a1n \u0111\u1eb7t h\u00e0ng s\u1ed1 l\u01b0\u1ee3ng 1 s\u1ea3n ph\u1ea9m.<br \/>\n&#8211; Vui l\u00f2ng t\u00ecm hi\u1ec3u v\u1ec1 c\u00e1c l\u1ef1a ch\u1ecdn c\u1ee7a ch\u00fang t\u00f4i \u0111\u1ec3 s\u1ea3n xu\u1ea5t theo \u0111\u01a1n \u0111\u1eb7t h\u00e0ng v\u00e0 t\u00f9y ch\u1ec9nh l\u1edbp ho\u00e0n thi\u1ec7n: ch\u00fang t\u00f4i s\u1ebd tr\u1ea3 l\u1eddi s\u1edbm.<br \/>\n&#8211; \u0110\u01b0\u1ee3c b\u00e1n b\u1edfi Mai Home D\u00e9cor Pte. Ltd. t\u1ea1i Singapore v\u00e0 \u0111\u01b0\u1ee3c v\u1eadn chuy\u1ec3n t\u1eeb nh\u00e0 m\u00e1y s\u01a1n m\u00e0i c\u1ee7a ch\u00fang t\u00f4i t\u1ea1i Vi\u1ec7t Nam.<\/div>\n<p>&nbsp;<\/p>\n<p>&nbsp;<\/p>\n<p>&nbsp;<\/p>\n","protected":false},"excerpt":{"rendered":"<p>M\u00f4 t\u1ea3 s\u1ea3n ph\u1ea9m: &#8211; QING l\u00e0 gh\u1ebf b\u00e0nh\/gh\u1ebf d\u00e0i s\u01a1n m\u00e0i l\u1ea5y c\u1ea3m h\u1ee9ng t\u1eeb Trung Qu\u1ed1c, \u0111\u01b0\u1ee3c ho\u00e0n thi\u1ec7n b\u1eb1ng l\u1edbp s\u01a1n m\u00e0i n\u00e2u th\u1ee7 c\u00f4ng tr\u00ean khung g\u1ed7 nguy\u00ean kh\u1ed1i v\u00e0 v\u1ea3i b\u1ecdc m\u00e0u be tr\u00ean m\u1eb7t gh\u1ebf. Thi\u1ebft k\u1ebf t\u1ed1i gi\u1ea3n t\u1eadp trung v\u00e0o s\u1ef1 c\u00e2n b\u1eb1ng theo \u0111\u01b0\u1eddng th\u1eb3ng t\u1ea1o&#8230;<\/p>\n","protected":false},"featured_media":2526,"comment_status":"closed","ping_status":"closed","template":"","meta":[],"product_cat":[262,259],"product_tag":[428,278,279],"acf":[],"_links":{"self":[{"href":"https:\/\/maihomedecor.com\/vi\/wp-json\/wp\/v2\/product\/3871"}],"collection":[{"href":"https:\/\/maihomedecor.com\/vi\/wp-json\/wp\/v2\/product"}],"about":[{"href":"https:\/\/maihomedecor.com\/vi\/wp-json\/wp\/v2\/types\/product"}],"replies":[{"embeddable":true,"href":"https:\/\/maihomedecor.com\/vi\/wp-json\/wp\/v2\/comments?post=3871"}],"wp:featuredmedia":[{"embeddable":true,"href":"https:\/\/maihomedecor.com\/vi\/wp-json\/wp\/v2\/media\/2526"}],"wp:attachment":[{"href":"https:\/\/maihomedecor.com\/vi\/wp-json\/wp\/v2\/media?parent=3871"}],"wp:term":[{"taxonomy":"product_cat","embeddable":true,"href":"https:\/\/maihomedecor.com\/vi\/wp-json\/wp\/v2\/product_cat?post=3871"},{"taxonomy":"product_tag","embeddable":true,"href":"https:\/\/maihomedecor.com\/vi\/wp-json\/wp\/v2\/product_tag?post=3871"}],"curies":[{"name":"wp","href":"https:\/\/api.w.org\/{rel}","templated":true}]}}