{"id":3887,"date":"2024-06-28T02:07:54","date_gmt":"2024-06-27T18:07:54","guid":{"rendered":"https:\/\/maihomedecor.com\/product\/serenity-tranh-son-mai\/"},"modified":"2024-10-09T16:08:25","modified_gmt":"2024-10-09T08:08:25","slug":"serenity-tranh-son-mai","status":"publish","type":"product","link":"https:\/\/maihomedecor.com\/vi\/san-pham\/serenity-tranh-son-mai\/","title":{"rendered":"SERENITY &#8211; Tranh S\u01a1n M\u00e0i"},"content":{"rendered":"<div><strong>M\u00f4 t\u1ea3 s\u1ea3n ph\u1ea9m:<\/strong><\/div>\n<div>&#8211; Tranh s\u01a1n m\u00e0i SERENITY kh\u1eafc h\u1ecda c\u1ea3nh b\u00ecnh minh y\u00ean b\u00ecnh tr\u00ean ao sen, th\u1ec3 hi\u1ec7n b\u1ea3n ch\u1ea5t ch\u00e2u \u00c1 c\u1ee7a n\u01a1i n\u00e0y.<\/div>\n<div>&#8211; B\u1ee9c tranh \u0111\u01b0\u1ee3c v\u1ebd tay b\u1edfi m\u1ed9t ngh\u1ec7 s\u0129 s\u01a1n m\u00e0i Vi\u1ec7t Nam, s\u1eed d\u1ee5ng k\u1ef9 thu\u1eadt s\u01a1n m\u00e0i c\u1ed5 x\u01b0a \u0111\u1ec3 t\u1ea1o n\u00ean t\u00e1c ph\u1ea9m ngh\u1ec7 thu\u1eadt s\u01a1n m\u00e0i tuy\u1ec7t \u0111\u1eb9p n\u00e0y.<br \/>\n&#8211; S\u1ea3n ph\u1ea9m \u0111\u01b0\u1ee3c l\u00e0m th\u1ee7 c\u00f4ng ho\u00e0n to\u00e0n b\u1edfi c\u00e1c ngh\u1ec7 nh\u00e2n s\u01a1n m\u00e0i v\u00e0 th\u1ee3 s\u01a1n m\u00e0i l\u00e0nh ngh\u1ec1 t\u1ea1i x\u01b0\u1edfng s\u01a1n m\u00e0i Mai Home Decor g\u1ea7n Th\u00e0nh ph\u1ed1 H\u1ed3 Ch\u00ed Minh (S\u00e0i G\u00f2n), Vi\u1ec7t Nam, v\u1edbi c\u00e1c c\u00f4ng c\u1ee5 v\u00e0 k\u1ef9 thu\u1eadt \u0111\u01b0\u1ee3c truy\u1ec1n l\u1ea1i v\u00e0 tinh ch\u1ec9nh t\u1eeb th\u1ebf h\u1ec7 n\u00e0y sang th\u1ebf h\u1ec7 kh\u00e1c.<\/div>\n<h3><\/h3>\n<div><strong>Th\u00f4ng s\u1ed1 k\u1ef9 thu\u1eadt:<\/strong><\/div>\n<div>&#8211; V\u1eadt li\u1ec7u: G\u1ed7 c\u00f4ng nghi\u1ec7p MDF\/HDF, S\u01a1n m\u00e0ir<\/div>\n<div>&#8211; K\u00edch th\u01b0\u1edbc (W x D x H): 1200 x 40 x 700 mm<\/div>\n<h1><\/h1>\n<div><strong>T\u01b0 v\u1ea5n v\u00e0 gi\u00e1 c\u1ea3:<\/strong><\/div>\n<div>&#8211; S\u1ea3n ph\u1ea9m n\u00e0y ch\u00fang t\u00f4i kh\u00f4ng c\u00f3 s\u1eb5n nh\u01b0ng c\u00f3 th\u1ec3 s\u1ea3n xu\u1ea5t theo \u0111\u01a1n \u0111\u1eb7t h\u00e0ng. Gi\u00e1 tr\u00ean ch\u01b0a bao g\u1ed3m chi ph\u00ed v\u1eadn chuy\u1ec3n v\u00e0 \u00e1p d\u1ee5ng cho s\u1ea3n xu\u1ea5t theo \u0111\u01a1n \u0111\u1eb7t h\u00e0ng s\u1ed1 l\u01b0\u1ee3ng 1 s\u1ea3n ph\u1ea9m.<br \/>\n&#8211; Vui l\u00f2ng t\u00ecm hi\u1ec3u v\u1ec1 c\u00e1c l\u1ef1a ch\u1ecdn c\u1ee7a ch\u00fang t\u00f4i \u0111\u1ec3 s\u1ea3n xu\u1ea5t theo \u0111\u01a1n \u0111\u1eb7t h\u00e0ng v\u00e0 t\u00f9y ch\u1ec9nh l\u1edbp ho\u00e0n thi\u1ec7n: ch\u00fang t\u00f4i s\u1ebd tr\u1ea3 l\u1eddi s\u1edbm.<br \/>\n&#8211; \u0110\u01b0\u1ee3c b\u00e1n b\u1edfi Mai Home D\u00e9cor Pte. Ltd. t\u1ea1i Singapore v\u00e0 \u0111\u01b0\u1ee3c v\u1eadn chuy\u1ec3n t\u1eeb nh\u00e0 m\u00e1y s\u01a1n m\u00e0i c\u1ee7a ch\u00fang t\u00f4i t\u1ea1i Vi\u1ec7t Nam.<\/div>\n<p>&nbsp;<\/p>\n<p>&nbsp;<\/p>\n","protected":false},"excerpt":{"rendered":"<p>M\u00f4 t\u1ea3 s\u1ea3n ph\u1ea9m: &#8211; Tranh s\u01a1n m\u00e0i SERENITY kh\u1eafc h\u1ecda c\u1ea3nh b\u00ecnh minh y\u00ean b\u00ecnh tr\u00ean ao sen, th\u1ec3 hi\u1ec7n b\u1ea3n ch\u1ea5t ch\u00e2u \u00c1 c\u1ee7a n\u01a1i n\u00e0y. &#8211; B\u1ee9c tranh \u0111\u01b0\u1ee3c v\u1ebd tay b\u1edfi m\u1ed9t ngh\u1ec7 s\u0129 s\u01a1n m\u00e0i Vi\u1ec7t Nam, s\u1eed d\u1ee5ng k\u1ef9 thu\u1eadt s\u01a1n m\u00e0i c\u1ed5 x\u01b0a \u0111\u1ec3 t\u1ea1o n\u00ean t\u00e1c ph\u1ea9m&#8230;<\/p>\n","protected":false},"featured_media":3462,"comment_status":"open","ping_status":"closed","template":"","meta":[],"product_cat":[275,277],"product_tag":[449,450],"acf":[],"_links":{"self":[{"href":"https:\/\/maihomedecor.com\/vi\/wp-json\/wp\/v2\/product\/3887"}],"collection":[{"href":"https:\/\/maihomedecor.com\/vi\/wp-json\/wp\/v2\/product"}],"about":[{"href":"https:\/\/maihomedecor.com\/vi\/wp-json\/wp\/v2\/types\/product"}],"replies":[{"embeddable":true,"href":"https:\/\/maihomedecor.com\/vi\/wp-json\/wp\/v2\/comments?post=3887"}],"wp:featuredmedia":[{"embeddable":true,"href":"https:\/\/maihomedecor.com\/vi\/wp-json\/wp\/v2\/media\/3462"}],"wp:attachment":[{"href":"https:\/\/maihomedecor.com\/vi\/wp-json\/wp\/v2\/media?parent=3887"}],"wp:term":[{"taxonomy":"product_cat","embeddable":true,"href":"https:\/\/maihomedecor.com\/vi\/wp-json\/wp\/v2\/product_cat?post=3887"},{"taxonomy":"product_tag","embeddable":true,"href":"https:\/\/maihomedecor.com\/vi\/wp-json\/wp\/v2\/product_tag?post=3887"}],"curies":[{"name":"wp","href":"https:\/\/api.w.org\/{rel}","templated":true}]}}